{"id":454,"date":"2025-09-29T07:07:45","date_gmt":"2025-09-29T05:07:45","guid":{"rendered":"https:\/\/seconde.flashphys.fr\/?page_id=454"},"modified":"2025-11-18T15:57:28","modified_gmt":"2025-11-18T14:57:28","slug":"correction-ds-2025","status":"publish","type":"page","link":"https:\/\/seconde.flashphys.fr\/?page_id=454","title":{"rendered":"CORRECTION DS 2025"},"content":{"rendered":"\n<p>DS 1 : identifier une esp\u00e8ce chimique<\/p>\n\n\n\n<div class=\"wp-block-file\"><a id=\"wp-block-file--media-00d9e2a5-a045-4bbf-8584-70654979cdd9\" href=\"https:\/\/seconde.flashphys.fr\/wp-content\/uploads\/2025\/09\/ds-secpcorrection.pdf\">ds-secpcorrection<\/a><a href=\"https:\/\/seconde.flashphys.fr\/wp-content\/uploads\/2025\/09\/ds-secpcorrection.pdf\" class=\"wp-block-file__button wp-element-button\" download aria-describedby=\"wp-block-file--media-00d9e2a5-a045-4bbf-8584-70654979cdd9\">T\u00e9l\u00e9charger<\/a><\/div>\n\n\n\n<p>DS 2 : pr\u00e9parer des solutions<\/p>\n\n\n\n<div class=\"wp-block-file\"><a id=\"wp-block-file--media-2f00d21b-3c48-468c-a81a-2cb65b96dec9\" href=\"https:\/\/seconde.flashphys.fr\/wp-content\/uploads\/2025\/11\/CORRECTION-DS-2-qcm-2025.pdf\">CORRECTION-DS-2-qcm-2025<\/a><a href=\"https:\/\/seconde.flashphys.fr\/wp-content\/uploads\/2025\/11\/CORRECTION-DS-2-qcm-2025.pdf\" class=\"wp-block-file__button wp-element-button\" download aria-describedby=\"wp-block-file--media-2f00d21b-3c48-468c-a81a-2cb65b96dec9\">T\u00e9l\u00e9charger<\/a><\/div>\n\n\n\n<p>DS 3 : d\u00e9crire le mouvement<\/p>\n\n\n\n<div class=\"wp-block-file\"><a id=\"wp-block-file--media-17481f77-be04-498a-93cb-0e0a406e93c8\" href=\"https:\/\/seconde.flashphys.fr\/wp-content\/uploads\/2025\/11\/ds2025-mouvement-sujet2_corrige.pdf\">ds2025-mouvement-sujet2_corrige<\/a><a href=\"https:\/\/seconde.flashphys.fr\/wp-content\/uploads\/2025\/11\/ds2025-mouvement-sujet2_corrige.pdf\" class=\"wp-block-file__button wp-element-button\" download aria-describedby=\"wp-block-file--media-17481f77-be04-498a-93cb-0e0a406e93c8\"><\/a><\/div>\n\n\n\n<div class=\"wp-block-file\"><a id=\"wp-block-file--media-58b1a32c-f6d4-4974-8133-f92dd023f4c8\" href=\"https:\/\/seconde.flashphys.fr\/wp-content\/uploads\/2025\/11\/ds2025-mouvement_corrige.pdf\">ds2025-mouvement_corrige<\/a><a href=\"https:\/\/seconde.flashphys.fr\/wp-content\/uploads\/2025\/11\/ds2025-mouvement_corrige.pdf\" class=\"wp-block-file__button wp-element-button\" download aria-describedby=\"wp-block-file--media-58b1a32c-f6d4-4974-8133-f92dd023f4c8\">T\u00e9l\u00e9charger<\/a><\/div>\n","protected":false},"excerpt":{"rendered":"<p>DS 1 : identifier une esp\u00e8ce chimique DS 2 : pr\u00e9parer des solutions DS 3 : d\u00e9crire le mouvement<\/p>\n","protected":false},"author":1,"featured_media":0,"parent":0,"menu_order":0,"comment_status":"closed","ping_status":"closed","template":"","meta":{"footnotes":""},"_links":{"self":[{"href":"https:\/\/seconde.flashphys.fr\/index.php?rest_route=\/wp\/v2\/pages\/454"}],"collection":[{"href":"https:\/\/seconde.flashphys.fr\/index.php?rest_route=\/wp\/v2\/pages"}],"about":[{"href":"https:\/\/seconde.flashphys.fr\/index.php?rest_route=\/wp\/v2\/types\/page"}],"author":[{"embeddable":true,"href":"https:\/\/seconde.flashphys.fr\/index.php?rest_route=\/wp\/v2\/users\/1"}],"replies":[{"embeddable":true,"href":"https:\/\/seconde.flashphys.fr\/index.php?rest_route=%2Fwp%2Fv2%2Fcomments&post=454"}],"version-history":[{"count":3,"href":"https:\/\/seconde.flashphys.fr\/index.php?rest_route=\/wp\/v2\/pages\/454\/revisions"}],"predecessor-version":[{"id":466,"href":"https:\/\/seconde.flashphys.fr\/index.php?rest_route=\/wp\/v2\/pages\/454\/revisions\/466"}],"wp:attachment":[{"href":"https:\/\/seconde.flashphys.fr\/index.php?rest_route=%2Fwp%2Fv2%2Fmedia&parent=454"}],"curies":[{"name":"wp","href":"https:\/\/api.w.org\/{rel}","templated":true}]}}