{"id":309,"date":"2024-04-07T10:27:09","date_gmt":"2024-04-07T08:27:09","guid":{"rendered":"https:\/\/seconde.flashphys.fr\/?page_id=309"},"modified":"2025-03-30T08:07:20","modified_gmt":"2025-03-30T06:07:20","slug":"chapitre-10-synthese-chimique","status":"publish","type":"page","link":"https:\/\/seconde.flashphys.fr\/?page_id=309","title":{"rendered":"Chap 11 : synth\u00e8se chimique"},"content":{"rendered":"\n<figure class=\"wp-block-embed is-type-video is-provider-youtube wp-block-embed-youtube wp-embed-aspect-16-9 wp-has-aspect-ratio\"><div class=\"wp-block-embed__wrapper\">\n<iframe loading=\"lazy\" title=\"Synth\u00e8se d&#039;une esp\u00e8ce chimique (2de)\" width=\"1140\" height=\"641\" src=\"https:\/\/www.youtube.com\/embed\/JnP_OC21AZQ?feature=oembed\" frameborder=\"0\" allow=\"accelerometer; autoplay; clipboard-write; encrypted-media; gyroscope; picture-in-picture; web-share\" referrerpolicy=\"strict-origin-when-cross-origin\" allowfullscreen><\/iframe>\n<\/div><\/figure>\n\n\n\n<p class=\"has-large-font-size\"><strong>Cours :<\/strong><\/p>\n\n\n\n<div class=\"wp-block-file\"><a id=\"wp-block-file--media-1e0caada-359c-4c45-862c-d809b6c74fff\" href=\"https:\/\/seconde.flashphys.fr\/wp-content\/uploads\/2024\/04\/cours-synthese-chimique.pdf\">cours-synthese-chimique<\/a><a href=\"https:\/\/seconde.flashphys.fr\/wp-content\/uploads\/2024\/04\/cours-synthese-chimique.pdf\" class=\"wp-block-file__button wp-element-button\" download aria-describedby=\"wp-block-file--media-1e0caada-359c-4c45-862c-d809b6c74fff\">T\u00e9l\u00e9charger<\/a><\/div>\n\n\n\n<p class=\"has-large-font-size\"><strong>Exercices :<\/strong><\/p>\n\n\n\n<div class=\"wp-block-file\"><a id=\"wp-block-file--media-b7510b2e-0260-4236-bb08-eb7f7ea20257\" href=\"https:\/\/seconde.flashphys.fr\/wp-content\/uploads\/2024\/04\/exos-synthese-chim.pdf\">exos-synthese-chim<\/a><a href=\"https:\/\/seconde.flashphys.fr\/wp-content\/uploads\/2024\/04\/exos-synthese-chim.pdf\" class=\"wp-block-file__button wp-element-button\" download aria-describedby=\"wp-block-file--media-b7510b2e-0260-4236-bb08-eb7f7ea20257\">T\u00e9l\u00e9charger<\/a><\/div>\n\n\n\n<div class=\"wp-block-file\"><a id=\"wp-block-file--media-fbe27927-b7be-4089-8144-d958efb88481\" href=\"https:\/\/seconde.flashphys.fr\/wp-content\/uploads\/2024\/04\/correc-exo-synthese.docx\">correc-exo-synthese<\/a><a href=\"https:\/\/seconde.flashphys.fr\/wp-content\/uploads\/2024\/04\/correc-exo-synthese.docx\" class=\"wp-block-file__button wp-element-button\" download aria-describedby=\"wp-block-file--media-fbe27927-b7be-4089-8144-d958efb88481\">T\u00e9l\u00e9charger<\/a><\/div>\n\n\n\n<p class=\"has-large-font-size\"><strong>TP : synth\u00e8se de l&#8217;ar\u00f4me de banane<\/strong><\/p>\n\n\n\n<div class=\"wp-block-file\"><a id=\"wp-block-file--media-3362896f-c3f5-40ce-a1c2-dec02440011f\" href=\"https:\/\/seconde.flashphys.fr\/wp-content\/uploads\/2024\/04\/2nde-tp-synthese-arome-banane.docx\">2nde-tp-synthese-arome-banane<\/a><a href=\"https:\/\/seconde.flashphys.fr\/wp-content\/uploads\/2024\/04\/2nde-tp-synthese-arome-banane.docx\" class=\"wp-block-file__button wp-element-button\" download aria-describedby=\"wp-block-file--media-3362896f-c3f5-40ce-a1c2-dec02440011f\">T\u00e9l\u00e9charger<\/a><\/div>\n\n\n\n<div class=\"wp-block-file\"><a id=\"wp-block-file--media-4926a410-2929-4c82-85cc-34410f4718d5\" href=\"https:\/\/seconde.flashphys.fr\/wp-content\/uploads\/2024\/04\/2nde-tp-synthese-arome-banane-corrige.docx\">2nde-tp-synthese-arome-banane-corrige<\/a><a href=\"https:\/\/seconde.flashphys.fr\/wp-content\/uploads\/2024\/04\/2nde-tp-synthese-arome-banane-corrige.docx\" class=\"wp-block-file__button wp-element-button\" download aria-describedby=\"wp-block-file--media-4926a410-2929-4c82-85cc-34410f4718d5\">T\u00e9l\u00e9charger<\/a><\/div>\n\n\n\n<p class=\"has-large-font-size\"><strong>Fiche de m\u00e9morisation<\/strong><\/p>\n\n\n\n<div class=\"wp-block-file\"><a id=\"wp-block-file--media-f42cf6b5-b1dd-4d20-986c-252edb85a091\" href=\"https:\/\/seconde.flashphys.fr\/wp-content\/uploads\/2024\/04\/fiche-memo-chap-10seconde.docx\">fiche-memo-chap-10seconde<\/a><a href=\"https:\/\/seconde.flashphys.fr\/wp-content\/uploads\/2024\/04\/fiche-memo-chap-10seconde.docx\" class=\"wp-block-file__button wp-element-button\" download aria-describedby=\"wp-block-file--media-f42cf6b5-b1dd-4d20-986c-252edb85a091\">T\u00e9l\u00e9charger<\/a><\/div>\n\n\n\n<div class=\"wp-block-file\"><a id=\"wp-block-file--media-fca74527-50ad-40bc-a5f9-825044b134a9\" href=\"https:\/\/seconde.flashphys.fr\/wp-content\/uploads\/2024\/04\/fiche-memo-chap-10secondecorrige.docx\">fiche-memo-chap-10secondecorrige<\/a><a href=\"https:\/\/seconde.flashphys.fr\/wp-content\/uploads\/2024\/04\/fiche-memo-chap-10secondecorrige.docx\" class=\"wp-block-file__button wp-element-button\" download aria-describedby=\"wp-block-file--media-fca74527-50ad-40bc-a5f9-825044b134a9\">T\u00e9l\u00e9charger<\/a><\/div>\n","protected":false},"excerpt":{"rendered":"<p>Cours : Exercices : TP : synth\u00e8se de l&#8217;ar\u00f4me de banane Fiche de m\u00e9morisation<\/p>\n","protected":false},"author":1,"featured_media":0,"parent":0,"menu_order":0,"comment_status":"closed","ping_status":"closed","template":"","meta":{"footnotes":""},"_links":{"self":[{"href":"https:\/\/seconde.flashphys.fr\/index.php?rest_route=\/wp\/v2\/pages\/309"}],"collection":[{"href":"https:\/\/seconde.flashphys.fr\/index.php?rest_route=\/wp\/v2\/pages"}],"about":[{"href":"https:\/\/seconde.flashphys.fr\/index.php?rest_route=\/wp\/v2\/types\/page"}],"author":[{"embeddable":true,"href":"https:\/\/seconde.flashphys.fr\/index.php?rest_route=\/wp\/v2\/users\/1"}],"replies":[{"embeddable":true,"href":"https:\/\/seconde.flashphys.fr\/index.php?rest_route=%2Fwp%2Fv2%2Fcomments&post=309"}],"version-history":[{"count":6,"href":"https:\/\/seconde.flashphys.fr\/index.php?rest_route=\/wp\/v2\/pages\/309\/revisions"}],"predecessor-version":[{"id":440,"href":"https:\/\/seconde.flashphys.fr\/index.php?rest_route=\/wp\/v2\/pages\/309\/revisions\/440"}],"wp:attachment":[{"href":"https:\/\/seconde.flashphys.fr\/index.php?rest_route=%2Fwp%2Fv2%2Fmedia&parent=309"}],"curies":[{"name":"wp","href":"https:\/\/api.w.org\/{rel}","templated":true}]}}