{"id":303,"date":"2024-04-07T10:16:47","date_gmt":"2024-04-07T08:16:47","guid":{"rendered":"https:\/\/seconde.flashphys.fr\/?page_id=303"},"modified":"2025-03-30T08:08:26","modified_gmt":"2025-03-30T06:08:26","slug":"chapitre-10-emission-et-propagation-du-son","status":"publish","type":"page","link":"https:\/\/seconde.flashphys.fr\/?page_id=303","title":{"rendered":"Chap 12 : \u00e9mission et propagation du son"},"content":{"rendered":"\n<p class=\"has-large-font-size\">Cours :<\/p>\n\n\n\n<figure class=\"wp-block-embed is-type-video is-provider-youtube wp-block-embed-youtube wp-embed-aspect-16-9 wp-has-aspect-ratio\"><div class=\"wp-block-embed__wrapper\">\n<iframe loading=\"lazy\" title=\"Signal p\u00e9riodique : d\u00e9terminer la p\u00e9riode ? la fr\u00e9quence ? | Lyc\u00e9e | Physique Chimie\" width=\"1140\" height=\"641\" src=\"https:\/\/www.youtube.com\/embed\/baUAeWXAdX4?feature=oembed\" frameborder=\"0\" allow=\"accelerometer; autoplay; clipboard-write; encrypted-media; gyroscope; picture-in-picture; web-share\" referrerpolicy=\"strict-origin-when-cross-origin\" allowfullscreen><\/iframe>\n<\/div><\/figure>\n\n\n\n<div class=\"wp-block-file\"><a id=\"wp-block-file--media-8944c06c-aa71-4efa-bd41-0e9071c2d0c2\" href=\"https:\/\/seconde.flashphys.fr\/wp-content\/uploads\/2024\/04\/cours-le-son-eleves2024.pdf\">cours-le-son-eleves2024<\/a><a href=\"https:\/\/seconde.flashphys.fr\/wp-content\/uploads\/2024\/04\/cours-le-son-eleves2024.pdf\" class=\"wp-block-file__button wp-element-button\" download aria-describedby=\"wp-block-file--media-8944c06c-aa71-4efa-bd41-0e9071c2d0c2\">T\u00e9l\u00e9charger<\/a><\/div>\n\n\n\n<div class=\"wp-block-file\"><a id=\"wp-block-file--media-a393d01a-f3ff-4c8a-a062-f87c2d793d78\" href=\"https:\/\/seconde.flashphys.fr\/wp-content\/uploads\/2024\/04\/correction-cours-son.pdf\">correction-cours-son<\/a><a href=\"https:\/\/seconde.flashphys.fr\/wp-content\/uploads\/2024\/04\/correction-cours-son.pdf\" class=\"wp-block-file__button wp-element-button\" download aria-describedby=\"wp-block-file--media-a393d01a-f3ff-4c8a-a062-f87c2d793d78\">T\u00e9l\u00e9charger<\/a><\/div>\n\n\n\n<p class=\"has-large-font-size\">Exercices<\/p>\n\n\n\n<div class=\"wp-block-file\"><a id=\"wp-block-file--media-15062bb6-a9bf-4221-980b-8ddb6fa1432f\" href=\"https:\/\/seconde.flashphys.fr\/wp-content\/uploads\/2024\/04\/exos-son.pdf\">exos-son<\/a><a href=\"https:\/\/seconde.flashphys.fr\/wp-content\/uploads\/2024\/04\/exos-son.pdf\" class=\"wp-block-file__button wp-element-button\" download aria-describedby=\"wp-block-file--media-15062bb6-a9bf-4221-980b-8ddb6fa1432f\">T\u00e9l\u00e9charger<\/a><\/div>\n\n\n\n<div class=\"wp-block-file\"><a id=\"wp-block-file--media-3fc57ec4-5871-4bf0-995b-182d6206422a\" href=\"https:\/\/seconde.flashphys.fr\/wp-content\/uploads\/2024\/04\/correc-ex-son.docx\">correc-ex-son<\/a><a href=\"https:\/\/seconde.flashphys.fr\/wp-content\/uploads\/2024\/04\/correc-ex-son.docx\" class=\"wp-block-file__button wp-element-button\" download aria-describedby=\"wp-block-file--media-3fc57ec4-5871-4bf0-995b-182d6206422a\">T\u00e9l\u00e9charger<\/a><\/div>\n\n\n\n<p class=\"has-large-font-size\">Fiche de m\u00e9morisation<\/p>\n\n\n\n<div class=\"wp-block-file\"><a id=\"wp-block-file--media-7725bc76-9d89-4f21-a2d3-9e355fccf8b8\" href=\"https:\/\/seconde.flashphys.fr\/wp-content\/uploads\/2024\/04\/fiche-memo-son-chap-11seconde.docx\">fiche-memo-son-chap-11seconde<\/a><a href=\"https:\/\/seconde.flashphys.fr\/wp-content\/uploads\/2024\/04\/fiche-memo-son-chap-11seconde.docx\" class=\"wp-block-file__button wp-element-button\" download aria-describedby=\"wp-block-file--media-7725bc76-9d89-4f21-a2d3-9e355fccf8b8\">T\u00e9l\u00e9charger<\/a><\/div>\n\n\n\n<div class=\"wp-block-file\"><a id=\"wp-block-file--media-1ee2ecb6-6bf2-4775-9fd9-724482efceac\" href=\"https:\/\/seconde.flashphys.fr\/wp-content\/uploads\/2024\/04\/fiche-memocorrigee-son-chap-11seconde.docx\">fiche-memocorrigee-son-chap-11seconde<\/a><a href=\"https:\/\/seconde.flashphys.fr\/wp-content\/uploads\/2024\/04\/fiche-memocorrigee-son-chap-11seconde.docx\" class=\"wp-block-file__button wp-element-button\" download aria-describedby=\"wp-block-file--media-1ee2ecb6-6bf2-4775-9fd9-724482efceac\">T\u00e9l\u00e9charger<\/a><\/div>\n\n\n\n<p class=\"has-large-font-size\">TP<\/p>\n\n\n\n<div class=\"wp-block-file\"><a id=\"wp-block-file--media-27d69c83-b934-4693-a18b-2a3e4cd06dba\" href=\"https:\/\/seconde.flashphys.fr\/wp-content\/uploads\/2024\/04\/tp-vitesse-son-echolocation.pdf\">tp-vitesse-son-echolocation<\/a><a href=\"https:\/\/seconde.flashphys.fr\/wp-content\/uploads\/2024\/04\/tp-vitesse-son-echolocation.pdf\" class=\"wp-block-file__button wp-element-button\" download aria-describedby=\"wp-block-file--media-27d69c83-b934-4693-a18b-2a3e4cd06dba\">T\u00e9l\u00e9charger<\/a><\/div>\n","protected":false},"excerpt":{"rendered":"<p>Cours : Exercices Fiche de m\u00e9morisation TP<\/p>\n","protected":false},"author":1,"featured_media":0,"parent":0,"menu_order":0,"comment_status":"closed","ping_status":"closed","template":"","meta":{"footnotes":""},"_links":{"self":[{"href":"https:\/\/seconde.flashphys.fr\/index.php?rest_route=\/wp\/v2\/pages\/303"}],"collection":[{"href":"https:\/\/seconde.flashphys.fr\/index.php?rest_route=\/wp\/v2\/pages"}],"about":[{"href":"https:\/\/seconde.flashphys.fr\/index.php?rest_route=\/wp\/v2\/types\/page"}],"author":[{"embeddable":true,"href":"https:\/\/seconde.flashphys.fr\/index.php?rest_route=\/wp\/v2\/users\/1"}],"replies":[{"embeddable":true,"href":"https:\/\/seconde.flashphys.fr\/index.php?rest_route=%2Fwp%2Fv2%2Fcomments&post=303"}],"version-history":[{"count":10,"href":"https:\/\/seconde.flashphys.fr\/index.php?rest_route=\/wp\/v2\/pages\/303\/revisions"}],"predecessor-version":[{"id":441,"href":"https:\/\/seconde.flashphys.fr\/index.php?rest_route=\/wp\/v2\/pages\/303\/revisions\/441"}],"wp:attachment":[{"href":"https:\/\/seconde.flashphys.fr\/index.php?rest_route=%2Fwp%2Fv2%2Fmedia&parent=303"}],"curies":[{"name":"wp","href":"https:\/\/api.w.org\/{rel}","templated":true}]}}