{"id":150,"date":"2023-09-04T10:07:46","date_gmt":"2023-09-04T08:07:46","guid":{"rendered":"https:\/\/seconde.flashphys.fr\/?page_id=150"},"modified":"2025-11-13T12:58:49","modified_gmt":"2025-11-13T11:58:49","slug":"page-63102dd0c9596-html","status":"publish","type":"page","link":"https:\/\/seconde.flashphys.fr\/?page_id=150","title":{"rendered":"Chap 3 : d\u00e9crire un mouvement"},"content":{"rendered":"\n<h2 class=\"wp-block-heading has-large-font-size\"><strong>Feuille de route<\/strong><\/h2>\n\n\n\n<p><a href=\"http:\/\/seconde.flashphys.fr\/wp-content\/uploads\/2023\/09\/73e03a7dea20fed907c28ca1b3a16c93.docx\">feuille de route mouvement.docx<\/a><\/p>\n\n\n\n<h2 class=\"wp-block-heading has-large-font-size\"><strong>Cours complet<\/strong><\/h2>\n\n\n\n<p><a href=\"http:\/\/seconde.flashphys.fr\/wp-content\/uploads\/2023\/09\/6e1528a71f9d65ff0d3ac8e49e7a98c1.docx\">d\u00e9crire le mouvement \u00e9l\u00e8ves .docx<\/a><\/p>\n\n\n\n<p><a href=\"http:\/\/seconde.flashphys.fr\/wp-content\/uploads\/2023\/09\/508e6c21e267e1112920b59929e7883f.docx\">2023 correction cours mvt.docx<\/a><\/p>\n\n\n\n<p><iframe src=\"\/\/www.youtube.com\/embed\/73PMOA6r5fg?wmode=transparent\"><\/iframe><\/p>\n\n\n\n<p>Correction exercice \u00e0 faire en classe:<\/p>\n\n\n\n<div class=\"wp-block-file\"><a id=\"wp-block-file--media-01fd9a8d-670b-46a1-a693-b2c0c792ec11\" href=\"https:\/\/seconde.flashphys.fr\/wp-content\/uploads\/2024\/11\/correction-exo-vitesse.pdf\">correction-exo-vitesse<\/a><a href=\"https:\/\/seconde.flashphys.fr\/wp-content\/uploads\/2024\/11\/correction-exo-vitesse.pdf\" class=\"wp-block-file__button wp-element-button\" download aria-describedby=\"wp-block-file--media-01fd9a8d-670b-46a1-a693-b2c0c792ec11\">T\u00e9l\u00e9charger<\/a><\/div>\n\n\n\n<p class=\"has-large-font-size\"><strong>Fiche de m\u00e9morisation <\/strong><\/p>\n\n\n\n<div class=\"wp-block-file\"><a id=\"wp-block-file--media-1965ff2b-4c8c-44cb-b9e1-f55e46991d21\" href=\"https:\/\/seconde.flashphys.fr\/wp-content\/uploads\/2023\/11\/fiche-memorisation-chap-3-sec.docx\">fiche-memorisation-chap-3-sec<\/a><a href=\"https:\/\/seconde.flashphys.fr\/wp-content\/uploads\/2023\/11\/fiche-memorisation-chap-3-sec.docx\" class=\"wp-block-file__button wp-element-button\" download aria-describedby=\"wp-block-file--media-1965ff2b-4c8c-44cb-b9e1-f55e46991d21\">T\u00e9l\u00e9charger<\/a><\/div>\n\n\n\n<p>Correction de la fiche de m\u00e9morisation :<\/p>\n\n\n\n<div class=\"wp-block-file\"><a id=\"wp-block-file--media-33358813-15d4-4579-9ff7-c5d3d0021336\" href=\"https:\/\/seconde.flashphys.fr\/wp-content\/uploads\/2023\/11\/fiche-memorisation-corr-chap-3-sec.docx\">fiche-memorisation-corr-chap-3-sec<\/a><a href=\"https:\/\/seconde.flashphys.fr\/wp-content\/uploads\/2023\/11\/fiche-memorisation-corr-chap-3-sec.docx\" class=\"wp-block-file__button wp-element-button\" download aria-describedby=\"wp-block-file--media-33358813-15d4-4579-9ff7-c5d3d0021336\">T\u00e9l\u00e9charger<\/a><\/div>\n\n\n\n<h2 class=\"wp-block-heading has-large-font-size\"><strong>Cours rapide<\/strong><\/h2>\n\n\n\n<p><iframe src=\"\/\/www.youtube.com\/embed\/Ajh1bw1AZ9s?wmode=transparent\"><\/iframe><iframe src=\"\/\/www.youtube.com\/embed\/-Wc4-BO8A9U?wmode=transparent\"><\/iframe><iframe src=\"\/\/www.youtube.com\/embed\/6ewCF5TuhWI?wmode=transparent\"><\/iframe><iframe src=\"\/\/www.youtube.com\/embed\/nJx9M8NIsHs?wmode=transparent\"><\/iframe><\/p>\n\n\n\n<h2 class=\"wp-block-heading has-large-font-size\"><strong>TP : mouvement d&#8217;une balle (pointage avim\u00e9ca)<\/strong><\/h2>\n\n\n\n<p><a href=\"http:\/\/seconde.flashphys.fr\/wp-content\/uploads\/2023\/09\/d95865fe28413364cffdd433a7028836.pdf\">TP VITESSE basket pointage 2019.pdf<\/a><\/p>\n\n\n\n<p>Vid\u00e9o \u00e0 t\u00e9l\u00e9charger : <\/p>\n\n\n\n<div class=\"wp-block-file\"><a id=\"wp-block-file--media-32c1bbe3-7417-424b-8404-eac502546167\" href=\"https:\/\/seconde.flashphys.fr\/wp-content\/uploads\/2023\/11\/basket.avi-1.avi\">basket.avi-1<\/a><a href=\"https:\/\/seconde.flashphys.fr\/wp-content\/uploads\/2023\/11\/basket.avi-1.avi\" class=\"wp-block-file__button wp-element-button\" download aria-describedby=\"wp-block-file--media-32c1bbe3-7417-424b-8404-eac502546167\">T\u00e9l\u00e9charger<\/a><\/div>\n\n\n\n<p><\/p>\n\n\n\n<h2 class=\"wp-block-heading has-large-font-size\"><strong>Escape Game<\/strong><\/h2>\n\n\n\n<p><a href=\"https:\/\/view.genial.ly\/61c396b54d9c8c0df24d10a3\/presentation-sauvez-mary-jane\">Sauvez Mary-Jane !<\/a><\/p>\n\n\n\n<p><a href=\"http:\/\/seconde.flashphys.fr\/wp-content\/uploads\/2023\/09\/858ecde20ab1560072190412aa21c4ef.docx\">rapport \u00e0 envoyer au savant fou.docx<\/a><\/p>\n\n\n\n<h2 class=\"wp-block-heading has-large-font-size\"><strong>TP : Plongeon de Lionel Franc (Python)<\/strong><\/h2>\n\n\n\n<p><a href=\"http:\/\/seconde.flashphys.fr\/wp-content\/uploads\/2023\/09\/af6595ab514a8241bf52c516311155ef.docx\">TP chute libre lionel franc2022.docx<\/a><\/p>\n\n\n\n<h2 class=\"wp-block-heading has-large-font-size\"><strong>R\u00e9solution de probl\u00e8me : exc\u00e8s de vitesse et accident&nbsp;<\/strong><\/h2>\n\n\n\n<p><a href=\"http:\/\/seconde.flashphys.fr\/wp-content\/uploads\/2023\/09\/db2aaa97f2c8e7c9d4084a20f214a9b2.pdf\">R\u00e9solution de probl\u00e8me exces vitesse.pdf<\/a><\/p>\n\n\n\n<h2 class=\"wp-block-heading has-large-font-size\"><strong>Pour m\u00e9moriser : carte mentale<\/strong><\/h2>\n\n\n\n<p><a href=\"http:\/\/seconde.flashphys.fr\/wp-content\/uploads\/2023\/09\/16ad1624d5d23d27382456c6f5efbd9f.pdf\">carte mentale \u00e0 compl\u00e9ter.pdf<\/a><\/p>\n\n\n\n<h2 class=\"wp-block-heading has-large-font-size\"><\/h2>\n","protected":false},"excerpt":{"rendered":"<p>Feuille de route feuille de route mouvement.docx Cours complet d\u00e9crire le mouvement \u00e9l\u00e8ves .docx 2023 correction cours mvt.docx Correction exercice \u00e0 faire en classe: Fiche de m\u00e9morisation Correction de la fiche de m\u00e9morisation : Cours rapide TP : mouvement d&#8217;une balle (pointage avim\u00e9ca) TP VITESSE basket pointage 2019.pdf Vid\u00e9o \u00e0 t\u00e9l\u00e9charger : Escape Game Sauvez&hellip;<\/p>\n","protected":false},"author":1,"featured_media":0,"parent":0,"menu_order":0,"comment_status":"closed","ping_status":"closed","template":"","meta":{"footnotes":""},"_links":{"self":[{"href":"https:\/\/seconde.flashphys.fr\/index.php?rest_route=\/wp\/v2\/pages\/150"}],"collection":[{"href":"https:\/\/seconde.flashphys.fr\/index.php?rest_route=\/wp\/v2\/pages"}],"about":[{"href":"https:\/\/seconde.flashphys.fr\/index.php?rest_route=\/wp\/v2\/types\/page"}],"author":[{"embeddable":true,"href":"https:\/\/seconde.flashphys.fr\/index.php?rest_route=\/wp\/v2\/users\/1"}],"replies":[{"embeddable":true,"href":"https:\/\/seconde.flashphys.fr\/index.php?rest_route=%2Fwp%2Fv2%2Fcomments&post=150"}],"version-history":[{"count":8,"href":"https:\/\/seconde.flashphys.fr\/index.php?rest_route=\/wp\/v2\/pages\/150\/revisions"}],"predecessor-version":[{"id":459,"href":"https:\/\/seconde.flashphys.fr\/index.php?rest_route=\/wp\/v2\/pages\/150\/revisions\/459"}],"wp:attachment":[{"href":"https:\/\/seconde.flashphys.fr\/index.php?rest_route=%2Fwp%2Fv2%2Fmedia&parent=150"}],"curies":[{"name":"wp","href":"https:\/\/api.w.org\/{rel}","templated":true}]}}