{"id":149,"date":"2023-09-04T10:07:46","date_gmt":"2023-09-04T08:07:46","guid":{"rendered":"https:\/\/seconde.flashphys.fr\/?page_id=149"},"modified":"2024-12-03T13:58:44","modified_gmt":"2024-12-03T12:58:44","slug":"page-63102ddcab9fa-html","status":"publish","type":"page","link":"https:\/\/seconde.flashphys.fr\/?page_id=149","title":{"rendered":"Chap 4 : les forces"},"content":{"rendered":"\n<p><iframe src=\"\/\/www.youtube.com\/embed\/YmmMuuoUiGY?wmode=transparent\"><\/iframe><\/p>\n\n\n\n<h2 class=\"wp-block-heading has-large-font-size\"><strong>Cours<\/strong><\/h2>\n\n\n\n<p><a href=\"http:\/\/seconde.flashphys.fr\/wp-content\/uploads\/2023\/09\/e6954153d431056197f3b0dfd3de568e.pdf\">forces \u00e9l\u00e8ves.pdf<\/a><\/p>\n\n\n\n<p><a href=\"http:\/\/seconde.flashphys.fr\/wp-content\/uploads\/2023\/09\/b0c0d298b0a60fa1fb24e94535a42595.docx\">forces \u00e9l\u00e8ves.docx<\/a><\/p>\n\n\n\n<p><a href=\"http:\/\/seconde.flashphys.fr\/wp-content\/uploads\/2023\/09\/28a8f0dc988b4301f01b455eaa476678.pdf\">correction cours forces.pdf<\/a><\/p>\n\n\n\n<h2 class=\"wp-block-heading has-large-font-size\"><strong>TP : poids et masse<\/strong><\/h2>\n\n\n\n<p>A faire avec le logiciel Regressi (t\u00e9l\u00e9chargeable dans l&#8217;onglet &#8220;logiciels&#8221;) si vous ne l&#8217;avez pas d\u00e9j\u00e0<\/p>\n\n\n\n<p><a href=\"http:\/\/seconde.flashphys.fr\/wp-content\/uploads\/2023\/09\/f56acc005801cc050c6c6ec4b26fade3.docx\">TP poids masse2022.docx<\/a><\/p>\n\n\n\n<div class=\"wp-block-file\"><a id=\"wp-block-file--media-27702ab3-cef6-4ec4-bb11-02def9bdaf3c\" href=\"https:\/\/seconde.flashphys.fr\/wp-content\/uploads\/2023\/12\/correction-TP-poids-masse.pdf\">correction-TP-poids-masse<\/a><a href=\"https:\/\/seconde.flashphys.fr\/wp-content\/uploads\/2023\/12\/correction-TP-poids-masse.pdf\" class=\"wp-block-file__button wp-element-button\" download aria-describedby=\"wp-block-file--media-27702ab3-cef6-4ec4-bb11-02def9bdaf3c\">T\u00e9l\u00e9charger<\/a><\/div>\n\n\n\n<h2 class=\"wp-block-heading has-large-font-size\">QCM<\/h2>\n\n\n\n<p><a href=\"http:\/\/qcm-sciencesphysiques.blogspot.com\/p\/2nde-qcm-9.html\">QCM forces<\/a><\/p>\n\n\n\n<p><a href=\"http:\/\/qcm-sciencesphysiques.blogspot.com\/p\/2nde-qcm-10.html\">QCM gravitation poids<\/a><\/p>\n","protected":false},"excerpt":{"rendered":"<p>Cours forces \u00e9l\u00e8ves.pdf forces \u00e9l\u00e8ves.docx correction cours forces.pdf TP : poids et masse A faire avec le logiciel Regressi (t\u00e9l\u00e9chargeable dans l&#8217;onglet &#8220;logiciels&#8221;) si vous ne l&#8217;avez pas d\u00e9j\u00e0 TP poids masse2022.docx QCM QCM forces QCM gravitation poids<\/p>\n","protected":false},"author":1,"featured_media":0,"parent":0,"menu_order":0,"comment_status":"closed","ping_status":"closed","template":"","meta":{"footnotes":""},"_links":{"self":[{"href":"https:\/\/seconde.flashphys.fr\/index.php?rest_route=\/wp\/v2\/pages\/149"}],"collection":[{"href":"https:\/\/seconde.flashphys.fr\/index.php?rest_route=\/wp\/v2\/pages"}],"about":[{"href":"https:\/\/seconde.flashphys.fr\/index.php?rest_route=\/wp\/v2\/types\/page"}],"author":[{"embeddable":true,"href":"https:\/\/seconde.flashphys.fr\/index.php?rest_route=\/wp\/v2\/users\/1"}],"replies":[{"embeddable":true,"href":"https:\/\/seconde.flashphys.fr\/index.php?rest_route=%2Fwp%2Fv2%2Fcomments&post=149"}],"version-history":[{"count":4,"href":"https:\/\/seconde.flashphys.fr\/index.php?rest_route=\/wp\/v2\/pages\/149\/revisions"}],"predecessor-version":[{"id":383,"href":"https:\/\/seconde.flashphys.fr\/index.php?rest_route=\/wp\/v2\/pages\/149\/revisions\/383"}],"wp:attachment":[{"href":"https:\/\/seconde.flashphys.fr\/index.php?rest_route=%2Fwp%2Fv2%2Fmedia&parent=149"}],"curies":[{"name":"wp","href":"https:\/\/api.w.org\/{rel}","templated":true}]}}