{"id":148,"date":"2023-09-04T10:07:46","date_gmt":"2023-09-04T08:07:46","guid":{"rendered":"https:\/\/seconde.flashphys.fr\/?page_id=148"},"modified":"2025-03-08T09:12:58","modified_gmt":"2025-03-08T08:12:58","slug":"page-63102ddfc364a-html","status":"publish","type":"page","link":"https:\/\/seconde.flashphys.fr\/?page_id=148","title":{"rendered":"Chap 9 : la mole, unit\u00e9 du monde microscopique"},"content":{"rendered":"\n<h1 class=\"wp-block-heading\"><iframe src=\"\/\/www.youtube.com\/embed\/3-S6x152W1E?wmode=transparent\"><\/iframe><iframe src=\"\/\/www.youtube.com\/embed\/Max23goAnuI?wmode=transparent\"><\/iframe><\/h1>\n\n\n\n<h2 class=\"wp-block-heading has-large-font-size\"><strong>Cours<\/strong><\/h2>\n\n\n\n<p><a href=\"http:\/\/seconde.flashphys.fr\/wp-content\/uploads\/2023\/09\/f8ab58df34cfa9f8c7b001c0e3125f09.pdf\">Quantit\u00e9 de mati\u00e8re eleves 2020.pdf<\/a><\/p>\n\n\n\n<p><a href=\"http:\/\/seconde.flashphys.fr\/wp-content\/uploads\/2023\/09\/7379e5d9e320faad9fa77fd87bd55f70.docx\">Quantit\u00e9 de mati\u00e8re correction.docx<\/a><\/p>\n\n\n\n<p><a href=\"http:\/\/seconde.flashphys.fr\/wp-content\/uploads\/2023\/09\/69904119f49fa7d3d2e293d014f91f76.pdf\">activite mole.pdf<\/a><\/p>\n\n\n\n<p><a href=\"http:\/\/seconde.flashphys.fr\/wp-content\/uploads\/2023\/09\/d8ea06c45920ccb260a5ff1164f1ebe4.docx\">activite mole correction.docx<\/a><\/p>\n\n\n\n<h2 class=\"wp-block-heading has-large-font-size\"><strong>Exercices<\/strong><\/h2>\n\n\n\n<p><a href=\"http:\/\/seconde.flashphys.fr\/wp-content\/uploads\/2023\/09\/ba357fba690390dc753224e74b9fed15.pdf\">exo la mole seconde.pdf<\/a><\/p>\n\n\n\n<p class=\"has-large-font-size\"><strong>Fiche de m\u00e9morisation<\/strong><\/p>\n\n\n\n<div class=\"wp-block-file\"><a id=\"wp-block-file--media-8619801c-96d6-4b78-9174-1b347f516c53\" href=\"https:\/\/seconde.flashphys.fr\/wp-content\/uploads\/2024\/04\/fiche-memo-chap-8seconde.docx\">fiche-memo-chap-8seconde<\/a><a href=\"https:\/\/seconde.flashphys.fr\/wp-content\/uploads\/2024\/04\/fiche-memo-chap-8seconde.docx\" class=\"wp-block-file__button wp-element-button\" download aria-describedby=\"wp-block-file--media-8619801c-96d6-4b78-9174-1b347f516c53\">T\u00e9l\u00e9charger<\/a><\/div>\n\n\n\n<div class=\"wp-block-file\"><a id=\"wp-block-file--media-2373d4a6-68e7-4661-89d4-b1fb10101fce\" href=\"https:\/\/seconde.flashphys.fr\/wp-content\/uploads\/2024\/04\/fiche-memo-chap-8seconde-corrige.docx\">fiche-memo-chap-8seconde-corrige<\/a><a href=\"https:\/\/seconde.flashphys.fr\/wp-content\/uploads\/2024\/04\/fiche-memo-chap-8seconde-corrige.docx\" class=\"wp-block-file__button wp-element-button\" download aria-describedby=\"wp-block-file--media-2373d4a6-68e7-4661-89d4-b1fb10101fce\"><\/a><\/div>\n\n\n\n<h2 class=\"wp-block-heading has-large-font-size\"><strong>TP : introduction au cours (la mole et les grains de riz)<\/strong><\/h2>\n\n\n\n<p><a href=\"http:\/\/seconde.flashphys.fr\/wp-content\/uploads\/2023\/09\/bc23e0bf2c28a061cce3b0bf204c3b02.pdf\">TP mole riz.pdf<\/a><\/p>\n\n\n\n<p><a href=\"http:\/\/seconde.flashphys.fr\/wp-content\/uploads\/2023\/09\/3c844e93a9f9acd861d7c9cba6f5b44b.docx\">TP mole riz.docx<\/a><\/p>\n\n\n\n<h2 class=\"wp-block-heading has-large-font-size\"><strong>TP : quantit\u00e9 de mati\u00e8re et potion magique des Schtroumpfs<\/strong><\/h2>\n\n\n\n<p><a href=\"https:\/\/phyromseconde.monsite-orange.fr\/file\/69b9569fe6dd9af60cb40dd05eadbafb.pdf\">mole TP schtroumpf<\/a><a href=\"http:\/\/seconde.flashphys.fr\/wp-content\/uploads\/2023\/09\/69b9569fe6dd9af60cb40dd05eadbafb.pdf\"> <\/a><a href=\"https:\/\/phyromseconde.monsite-orange.fr\/file\/69b9569fe6dd9af60cb40dd05eadbafb.pdf\">2020.pdf<\/a><\/p>\n\n\n\n<h2 class=\"wp-block-heading has-large-font-size\"><strong>QCM<\/strong><\/h2>\n\n\n\n<p><a href=\"https:\/\/qcmphysique.blogspot.com\/p\/2nde-qcm-n8-la-quantite-de-matiere.html\">QCM mole<\/a><\/p>\n","protected":false},"excerpt":{"rendered":"<p>Cours Quantit\u00e9 de mati\u00e8re eleves 2020.pdf Quantit\u00e9 de mati\u00e8re correction.docx activite mole.pdf activite mole correction.docx Exercices exo la mole seconde.pdf Fiche de m\u00e9morisation TP : introduction au cours (la mole et les grains de riz) TP mole riz.pdf TP mole riz.docx TP : quantit\u00e9 de mati\u00e8re et potion magique des Schtroumpfs mole TP schtroumpf 2020.pdf&hellip;<\/p>\n","protected":false},"author":1,"featured_media":0,"parent":0,"menu_order":0,"comment_status":"closed","ping_status":"closed","template":"","meta":{"footnotes":""},"_links":{"self":[{"href":"https:\/\/seconde.flashphys.fr\/index.php?rest_route=\/wp\/v2\/pages\/148"}],"collection":[{"href":"https:\/\/seconde.flashphys.fr\/index.php?rest_route=\/wp\/v2\/pages"}],"about":[{"href":"https:\/\/seconde.flashphys.fr\/index.php?rest_route=\/wp\/v2\/types\/page"}],"author":[{"embeddable":true,"href":"https:\/\/seconde.flashphys.fr\/index.php?rest_route=\/wp\/v2\/users\/1"}],"replies":[{"embeddable":true,"href":"https:\/\/seconde.flashphys.fr\/index.php?rest_route=%2Fwp%2Fv2%2Fcomments&post=148"}],"version-history":[{"count":6,"href":"https:\/\/seconde.flashphys.fr\/index.php?rest_route=\/wp\/v2\/pages\/148\/revisions"}],"predecessor-version":[{"id":438,"href":"https:\/\/seconde.flashphys.fr\/index.php?rest_route=\/wp\/v2\/pages\/148\/revisions\/438"}],"wp:attachment":[{"href":"https:\/\/seconde.flashphys.fr\/index.php?rest_route=%2Fwp%2Fv2%2Fmedia&parent=148"}],"curies":[{"name":"wp","href":"https:\/\/api.w.org\/{rel}","templated":true}]}}