{"id":147,"date":"2023-09-04T10:07:46","date_gmt":"2023-09-04T08:07:46","guid":{"rendered":"https:\/\/seconde.flashphys.fr\/?page_id=147"},"modified":"2024-12-03T14:00:33","modified_gmt":"2024-12-03T13:00:33","slug":"page-63102dde7a415-html","status":"publish","type":"page","link":"https:\/\/seconde.flashphys.fr\/?page_id=147","title":{"rendered":"Chap 5 : le principe d&#8217;inertie"},"content":{"rendered":"\n<h1 class=\"wp-block-heading\">&nbsp;<\/h1>\n\n\n\n<p><iframe src=\"\/\/www.youtube.com\/embed\/PZxrgPvxznQ?wmode=transparent\"><\/iframe><iframe src=\"\/\/www.youtube.com\/embed\/Y78gZeCXmeo?wmode=transparent\"><\/iframe><\/p>\n\n\n\n<h2 class=\"wp-block-heading has-large-font-size\"><strong>Cours<\/strong><\/h2>\n\n\n\n<p><a href=\"http:\/\/seconde.flashphys.fr\/wp-content\/uploads\/2023\/09\/92812eb548f9fd52e32f47b16a517e8c.pdf\">principe de l&#8217;inertie eleves.pdf<\/a><\/p>\n\n\n\n<p><a href=\"http:\/\/seconde.flashphys.fr\/wp-content\/uploads\/2023\/09\/f9f84ad70d7cae3cc64ca5bb4a0c5841.pdf\">correction cours principe de l&#8217;inertie.pdf<\/a><\/p>\n\n\n\n<p><a href=\"http:\/\/seconde.flashphys.fr\/wp-content\/uploads\/2023\/09\/9b606f46f399a4f11175a2b013e128f5.pdf\">corrig\u00e9 principe de l&#8217;inertie .pdf<\/a><\/p>\n\n\n\n<h2 class=\"wp-block-heading has-large-font-size\"><strong>Exercices<\/strong><\/h2>\n\n\n\n<p><a href=\"http:\/\/seconde.flashphys.fr\/wp-content\/uploads\/2023\/09\/56116a890e99f70c5e0c4b5d6c5061c9.pdf\">Interrogation \u00e9crite d&#8217;entrainement.pdf<\/a><\/p>\n\n\n\n<p><a href=\"http:\/\/seconde.flashphys.fr\/wp-content\/uploads\/2023\/09\/d44f8b395ea47994be9f3e8de225c000.pdf\">correction inter entrainement forces.pdf<\/a><\/p>\n\n\n\n<p style=\"font-size:31px\">Fiche de m\u00e9morisation <\/p>\n\n\n\n<div class=\"wp-block-file\"><a id=\"wp-block-file--media-81f6365d-a080-4f96-9a43-326177f960f9\" href=\"https:\/\/seconde.flashphys.fr\/wp-content\/uploads\/2024\/04\/fiche-memo-chap-4-et-5.docx\">fiche-memo-chap-4-et-5<\/a><a href=\"https:\/\/seconde.flashphys.fr\/wp-content\/uploads\/2024\/04\/fiche-memo-chap-4-et-5.docx\" class=\"wp-block-file__button wp-element-button\" download aria-describedby=\"wp-block-file--media-81f6365d-a080-4f96-9a43-326177f960f9\">T\u00e9l\u00e9charger<\/a><\/div>\n\n\n\n<div class=\"wp-block-file\"><a id=\"wp-block-file--media-7598c398-4bf5-4ff2-a37c-fc66231a496e\" href=\"https:\/\/seconde.flashphys.fr\/wp-content\/uploads\/2024\/04\/fiche-memo-chap-4-et-5corrige.docx\">fiche-memo-chap-4-et-5corrige<\/a><a href=\"https:\/\/seconde.flashphys.fr\/wp-content\/uploads\/2024\/04\/fiche-memo-chap-4-et-5corrige.docx\" class=\"wp-block-file__button wp-element-button\" download aria-describedby=\"wp-block-file--media-7598c398-4bf5-4ff2-a37c-fc66231a496e\">T\u00e9l\u00e9charger<\/a><\/div>\n\n\n\n<h2 class=\"wp-block-heading has-large-font-size\"><strong>TP : chute d&#8217;une bille dans de l&#8217;huile<\/strong><\/h2>\n\n\n\n<div class=\"wp-block-file\"><a id=\"wp-block-file--media-006f3b8c-116c-4da4-946f-b0adada737a8\" href=\"https:\/\/seconde.flashphys.fr\/wp-content\/uploads\/2024\/12\/Chute_bille.avi\">Chute_bille<\/a><a href=\"https:\/\/seconde.flashphys.fr\/wp-content\/uploads\/2024\/12\/Chute_bille.avi\" class=\"wp-block-file__button wp-element-button\" download aria-describedby=\"wp-block-file--media-006f3b8c-116c-4da4-946f-b0adada737a8\">T\u00e9l\u00e9charger<\/a><\/div>\n\n\n\n<div class=\"wp-block-file\"><a id=\"wp-block-file--media-4f96841c-c426-454e-87d4-75e772ab2899\" href=\"https:\/\/seconde.flashphys.fr\/wp-content\/uploads\/2024\/12\/TPchute-bille-dans-lhuile.docx\">TPchute-bille-dans-lhuile<\/a><a href=\"https:\/\/seconde.flashphys.fr\/wp-content\/uploads\/2024\/12\/TPchute-bille-dans-lhuile.docx\" class=\"wp-block-file__button wp-element-button\" download aria-describedby=\"wp-block-file--media-4f96841c-c426-454e-87d4-75e772ab2899\">T\u00e9l\u00e9charger<\/a><\/div>\n\n\n\n<h2 class=\"wp-block-heading has-large-font-size\"><strong>TP : d\u00e9couverte du principe de l&#8217;inertie en Python<\/strong><\/h2>\n\n\n\n<p><a href=\"http:\/\/seconde.flashphys.fr\/wp-content\/uploads\/2023\/09\/7fcddfea11ac4e0a3ffc9bf455415234.docx\">tp inertie python.docx<\/a><\/p>\n\n\n\n<p><a href=\"http:\/\/seconde.flashphys.fr\/wp-content\/uploads\/2023\/09\/7557414afac4afa350769ea69f2f3512.docx\">correction tp python inertie.docx<\/a><\/p>\n","protected":false},"excerpt":{"rendered":"<p>&nbsp; Cours principe de l&#8217;inertie eleves.pdf correction cours principe de l&#8217;inertie.pdf corrig\u00e9 principe de l&#8217;inertie .pdf Exercices Interrogation \u00e9crite d&#8217;entrainement.pdf correction inter entrainement forces.pdf Fiche de m\u00e9morisation TP : chute d&#8217;une bille dans de l&#8217;huile TP : d\u00e9couverte du principe de l&#8217;inertie en Python tp inertie python.docx correction tp python inertie.docx<\/p>\n","protected":false},"author":1,"featured_media":0,"parent":0,"menu_order":0,"comment_status":"closed","ping_status":"closed","template":"","meta":{"footnotes":""},"_links":{"self":[{"href":"https:\/\/seconde.flashphys.fr\/index.php?rest_route=\/wp\/v2\/pages\/147"}],"collection":[{"href":"https:\/\/seconde.flashphys.fr\/index.php?rest_route=\/wp\/v2\/pages"}],"about":[{"href":"https:\/\/seconde.flashphys.fr\/index.php?rest_route=\/wp\/v2\/types\/page"}],"author":[{"embeddable":true,"href":"https:\/\/seconde.flashphys.fr\/index.php?rest_route=\/wp\/v2\/users\/1"}],"replies":[{"embeddable":true,"href":"https:\/\/seconde.flashphys.fr\/index.php?rest_route=%2Fwp%2Fv2%2Fcomments&post=147"}],"version-history":[{"count":5,"href":"https:\/\/seconde.flashphys.fr\/index.php?rest_route=\/wp\/v2\/pages\/147\/revisions"}],"predecessor-version":[{"id":426,"href":"https:\/\/seconde.flashphys.fr\/index.php?rest_route=\/wp\/v2\/pages\/147\/revisions\/426"}],"wp:attachment":[{"href":"https:\/\/seconde.flashphys.fr\/index.php?rest_route=%2Fwp%2Fv2%2Fmedia&parent=147"}],"curies":[{"name":"wp","href":"https:\/\/api.w.org\/{rel}","templated":true}]}}