{"id":146,"date":"2023-09-04T10:07:44","date_gmt":"2023-09-04T08:07:44","guid":{"rendered":"https:\/\/seconde.flashphys.fr\/?page_id=146"},"modified":"2024-12-10T14:07:53","modified_gmt":"2024-12-10T13:07:53","slug":"page-63102dceaed70-html","status":"publish","type":"page","link":"https:\/\/seconde.flashphys.fr\/?page_id=146","title":{"rendered":"Chap 6 : atomes et ions"},"content":{"rendered":"\n<h3 class=\"wp-block-heading has-large-font-size\"><strong>Feuille de route<\/strong><\/h3>\n\n\n\n<p><a href=\"http:\/\/seconde.flashphys.fr\/wp-content\/uploads\/2023\/09\/4a75e3d9ee6629e7afdcea587806af5b.docx\">feuille de route atome.docx<\/a><\/p>\n\n\n\n<p><iframe src=\"\/\/www.youtube.com\/embed\/DJJ-6HHG0to?wmode=transparent\"><\/iframe><iframe src=\"\/\/www.youtube.com\/embed\/KGKmTILlutM?wmode=transparent\"><\/iframe><iframe src=\"\/\/www.youtube.com\/embed\/9SAYL0HWTUQ?wmode=transparent\"><\/iframe><iframe src=\"\/\/www.youtube.com\/embed\/yHNdXCK3q_M?wmode=transparent\"><\/iframe><\/p>\n\n\n\n<h2 class=\"wp-block-heading has-large-font-size\">COURS :<\/h2>\n\n\n\n<p><a href=\"http:\/\/seconde.flashphys.fr\/wp-content\/uploads\/2023\/09\/2d21cfefe02790b35d09efe616b5dc7b.docx\">cours atomes \u00e9l\u00e8ves.docx<\/a><\/p>\n\n\n\n<p><a href=\"http:\/\/seconde.flashphys.fr\/wp-content\/uploads\/2023\/09\/194ab3d8a0ae2b44d77ceeb1b6cc913b.docx\">cours atomes \u00e9l\u00e8ves correction.docx<\/a><\/p>\n\n\n\n<h2 class=\"wp-block-heading has-large-font-size\"><strong>Exercices<\/strong><\/h2>\n\n\n\n<p><a href=\"http:\/\/seconde.flashphys.fr\/wp-content\/uploads\/2023\/09\/cc13bd5f01b4b10c769ddd83458c4e2f.doc\">Exercices atomes2021.doc<\/a><\/p>\n\n\n\n<p><a href=\"http:\/\/seconde.flashphys.fr\/wp-content\/uploads\/2023\/09\/a0a33fee531430b53472210305b9c54a.pdf\">Exercices atomes2021 correction.pdf<\/a><\/p>\n\n\n\n<p style=\"font-size:31px\">Fiche de m\u00e9morisation<\/p>\n\n\n\n<div class=\"wp-block-file\"><a id=\"wp-block-file--media-2456e607-76c2-48cb-beb7-ae0cc62145bf\" href=\"https:\/\/seconde.flashphys.fr\/wp-content\/uploads\/2024\/04\/fiche-memo-chap-6-atome.docx\">fiche-memo-chap-6-atome<\/a><a href=\"https:\/\/seconde.flashphys.fr\/wp-content\/uploads\/2024\/04\/fiche-memo-chap-6-atome.docx\" class=\"wp-block-file__button wp-element-button\" download aria-describedby=\"wp-block-file--media-2456e607-76c2-48cb-beb7-ae0cc62145bf\">T\u00e9l\u00e9charger<\/a><\/div>\n\n\n\n<div class=\"wp-block-file\"><a id=\"wp-block-file--media-c22b766d-7561-42bb-b250-9b305bc4f801\" href=\"https:\/\/seconde.flashphys.fr\/wp-content\/uploads\/2024\/04\/fiche-memo-chap-6-atome-corrige.docx\">fiche-memo-chap-6-atome-corrige<\/a><a href=\"https:\/\/seconde.flashphys.fr\/wp-content\/uploads\/2024\/04\/fiche-memo-chap-6-atome-corrige.docx\" class=\"wp-block-file__button wp-element-button\" download aria-describedby=\"wp-block-file--media-c22b766d-7561-42bb-b250-9b305bc4f801\">T\u00e9l\u00e9charger<\/a><\/div>\n\n\n\n<h2 class=\"wp-block-heading has-large-font-size\"><strong>Histoire des Sciences : le mod\u00e8le de l&#8217;atome<\/strong><\/h2>\n\n\n\n<p><a href=\"http:\/\/seconde.flashphys.fr\/wp-content\/uploads\/2023\/09\/\/61973968478b7331d7ed869420c71e56.pdf\">histoire modele atome en bd.pdf<\/a><\/p>\n\n\n\n<p><a href=\"http:\/\/seconde.flashphys.fr\/wp-content\/uploads\/2023\/09\/4a6bab8cf1398f94ddcb67ad15c6ab88.pdf\">TP histoire de l-atome-1.pdf<\/a><\/p>\n\n\n\n<p><a href=\"http:\/\/seconde.flashphys.fr\/wp-content\/uploads\/2023\/09\/9689e707ebe2753a3fd6d80e5d133ff2.ppt\">L&#8217;atome et son histoire.ppt<\/a><\/p>\n\n\n\n<p><a href=\"http:\/\/seconde.flashphys.fr\/wp-content\/uploads\/2023\/09\/ae678c7e8964a0837321a39c28437f3e.pdf\">rutherford.pdf<\/a><\/p>\n\n\n\n<h2 class=\"wp-block-heading has-large-font-size\"><strong>TP : construire des atomes et des ions<\/strong><\/h2>\n\n\n\n<p>Animation :<\/p>\n\n\n\n<p><a href=\"https:\/\/phet.colorado.edu\/sims\/html\/build-an-atom\/latest\/build-an-atom_fr.html\">animation construire atome<\/a><\/p>\n\n\n\n<p><a href=\"https:\/\/phyromseconde.monsite-orange.fr\/file\/f591e7a44d0451927185441082533d3a.docx\">correction ac<\/a><a href=\"http:\/\/seconde.flashphys.fr\/wp-content\/uploads\/2023\/09\/f591e7a44d0451927185441082533d3a.docx\">t<\/a><a href=\"https:\/\/phyromseconde.monsite-orange.fr\/file\/f591e7a44d0451927185441082533d3a.docx\">ivit\u00e9 decouverte atome.docx<\/a><\/p>\n\n\n\n<p><a href=\"http:\/\/seconde.flashphys.fr\/wp-content\/uploads\/2023\/09\/15ab469ca69c07e09abf27511c7cc4d7.docx\">Activit\u00e9 d\u00e9couverte chapitre 6.docx<\/a><\/p>\n\n\n\n<h2 class=\"wp-block-heading has-large-font-size\"><strong>Escape game : atome et ion<\/strong><\/h2>\n\n\n\n<p><a href=\"https:\/\/view.genial.ly\/6093c15aef90960db9a1f050\/interactive-content-2nde-2019-ch-03-escape-game-atomes-latlantide\">escape game atome<\/a><\/p>\n\n\n\n<h2 class=\"wp-block-heading has-large-font-size\"><strong>TP : test de reconnaissances des ions<\/strong><\/h2>\n\n\n\n<p><a href=\"http:\/\/seconde.flashphys.fr\/wp-content\/uploads\/2023\/09\/95f10fd4d8b9870c31d76e06c0199c83.docx\">TP identification des ions.docx<\/a><\/p>\n\n\n\n<p><a href=\"http:\/\/seconde.flashphys.fr\/wp-content\/uploads\/2023\/09\/07796c6fc6c766ee2819e7a21c6c1c48.docx\">test ion correction tp .docx<\/a><\/p>\n\n\n\n<h2 class=\"wp-block-heading has-large-font-size\"><strong>TP : taille d&#8217;un atome<\/strong><\/h2>\n\n\n\n<p><a href=\"http:\/\/seconde.flashphys.fr\/wp-content\/uploads\/2023\/09\/1fcf0d354daeb265c701ab865d4f8343.pdf\">TP taille d&#8217;un atome.pdf<\/a><\/p>\n\n\n\n<p><a href=\"http:\/\/seconde.flashphys.fr\/wp-content\/uploads\/2023\/09\/9f9644eaef2608d57f876a84dbfa306f.pdf\">pied_coulisse.pdf<\/a><\/p>\n\n\n\n<h2 class=\"wp-block-heading has-large-font-size\"><strong>TP : formule des compos\u00e9s ioniques<\/strong><\/h2>\n\n\n\n<p><a href=\"http:\/\/seconde.flashphys.fr\/wp-content\/uploads\/2023\/09\/c75dbb5b85bcd399ab81cb7bc9af37f2.pdf\">TP compos\u00e9 ionique, le nigari.pdf<\/a><\/p>\n\n\n\n<h2 class=\"wp-block-heading has-large-font-size\"><strong>Pour m\u00e9moriser : carte mentale<\/strong><\/h2>\n\n\n\n<p><a href=\"http:\/\/seconde.flashphys.fr\/wp-content\/uploads\/2023\/09\/89c01b9e82584d05a6ff9bf279426dc6.pdf\">carte mentale atome.pdf<\/a><\/p>\n\n\n\n<h2 class=\"wp-block-heading has-large-font-size\"><strong>QCM<\/strong><\/h2>\n\n\n\n<p><a href=\"https:\/\/qcmphysique.blogspot.com\/p\/2nde-qcm-n5.html\">QCM atomes<\/a><\/p>\n","protected":false},"excerpt":{"rendered":"<p>Feuille de route feuille de route atome.docx COURS : cours atomes \u00e9l\u00e8ves.docx cours atomes \u00e9l\u00e8ves correction.docx Exercices Exercices atomes2021.doc Exercices atomes2021 correction.pdf Fiche de m\u00e9morisation Histoire des Sciences : le mod\u00e8le de l&#8217;atome histoire modele atome en bd.pdf TP histoire de l-atome-1.pdf L&#8217;atome et son histoire.ppt rutherford.pdf TP : construire des atomes et des ions&hellip;<\/p>\n","protected":false},"author":1,"featured_media":0,"parent":0,"menu_order":0,"comment_status":"closed","ping_status":"closed","template":"","meta":{"footnotes":""},"_links":{"self":[{"href":"https:\/\/seconde.flashphys.fr\/index.php?rest_route=\/wp\/v2\/pages\/146"}],"collection":[{"href":"https:\/\/seconde.flashphys.fr\/index.php?rest_route=\/wp\/v2\/pages"}],"about":[{"href":"https:\/\/seconde.flashphys.fr\/index.php?rest_route=\/wp\/v2\/types\/page"}],"author":[{"embeddable":true,"href":"https:\/\/seconde.flashphys.fr\/index.php?rest_route=\/wp\/v2\/users\/1"}],"replies":[{"embeddable":true,"href":"https:\/\/seconde.flashphys.fr\/index.php?rest_route=%2Fwp%2Fv2%2Fcomments&post=146"}],"version-history":[{"count":3,"href":"https:\/\/seconde.flashphys.fr\/index.php?rest_route=\/wp\/v2\/pages\/146\/revisions"}],"predecessor-version":[{"id":387,"href":"https:\/\/seconde.flashphys.fr\/index.php?rest_route=\/wp\/v2\/pages\/146\/revisions\/387"}],"wp:attachment":[{"href":"https:\/\/seconde.flashphys.fr\/index.php?rest_route=%2Fwp%2Fv2%2Fmedia&parent=146"}],"curies":[{"name":"wp","href":"https:\/\/api.w.org\/{rel}","templated":true}]}}