{"id":144,"date":"2023-09-04T10:07:44","date_gmt":"2023-09-04T08:07:44","guid":{"rendered":"https:\/\/seconde.flashphys.fr\/?page_id=144"},"modified":"2025-05-04T09:36:44","modified_gmt":"2025-05-04T07:36:44","slug":"page-63102dcc346d4-html","status":"publish","type":"page","link":"https:\/\/seconde.flashphys.fr\/?page_id=144","title":{"rendered":"Chap 14 : r\u00e9fraction et r\u00e9flexion de la lumi\u00e8re"},"content":{"rendered":"\n<h3 class=\"wp-block-heading\">Feuille de route<\/h3>\n\n\n\n<p><a href=\"http:\/\/seconde.flashphys.fr\/wp-content\/uploads\/2023\/09\/1e2901ecdccdf72a9f22a2c1766e2359.docx\">feuille de route refraction.docx<\/a><\/p>\n\n\n\n<p><iframe src=\"\/\/www.youtube.com\/embed\/lVzXM4m3Uak?wmode=transparent\"><\/iframe><iframe src=\"\/\/www.youtube.com\/embed\/df1LnIkkQ-k?wmode=transparent\"><\/iframe><iframe src=\"\/\/www.youtube.com\/embed\/pn4Zbx9kD9E?wmode=transparent\"><\/iframe><\/p>\n\n\n\n<h2 class=\"wp-block-heading\">COURS<\/h2>\n\n\n\n<div class=\"wp-block-file\"><a id=\"wp-block-file--media-9b14f0ae-54db-4f86-be4d-98557b762dae\" href=\"https:\/\/seconde.flashphys.fr\/wp-content\/uploads\/2024\/04\/cours-refraction-reflexion-eleves2024.doc\">cours-refraction-reflexion-eleves2024<\/a><a href=\"https:\/\/seconde.flashphys.fr\/wp-content\/uploads\/2024\/04\/cours-refraction-reflexion-eleves2024.doc\" class=\"wp-block-file__button wp-element-button\" download aria-describedby=\"wp-block-file--media-9b14f0ae-54db-4f86-be4d-98557b762dae\">T\u00e9l\u00e9charger<\/a><\/div>\n\n\n\n<div class=\"wp-block-file\"><a id=\"wp-block-file--media-6ac2b4c1-5846-4d53-b6ef-c76ade86da8b\" href=\"https:\/\/seconde.flashphys.fr\/wp-content\/uploads\/2024\/04\/cours-refraction-reflexion-corrige-eleves2024.doc\">cours-refraction-reflexion-corrige-eleves2024<\/a><a href=\"https:\/\/seconde.flashphys.fr\/wp-content\/uploads\/2024\/04\/cours-refraction-reflexion-corrige-eleves2024.doc\" class=\"wp-block-file__button wp-element-button\" download aria-describedby=\"wp-block-file--media-6ac2b4c1-5846-4d53-b6ef-c76ade86da8b\">T\u00e9l\u00e9charger<\/a><\/div>\n\n\n\n<p class=\"has-large-font-size\">Fiche de m\u00e9morisation<\/p>\n\n\n\n<div class=\"wp-block-file\"><a id=\"wp-block-file--media-722b7ca0-e792-4fc8-84b3-25bb5b3c7a55\" href=\"https:\/\/seconde.flashphys.fr\/wp-content\/uploads\/2024\/05\/fiche-memocorrige-chap-12seconde.docx\">fiche-memocorrige-chap-12seconde<\/a><a href=\"https:\/\/seconde.flashphys.fr\/wp-content\/uploads\/2024\/05\/fiche-memocorrige-chap-12seconde.docx\" class=\"wp-block-file__button wp-element-button\" download aria-describedby=\"wp-block-file--media-722b7ca0-e792-4fc8-84b3-25bb5b3c7a55\">T\u00e9l\u00e9charger<\/a><\/div>\n\n\n\n<h2 class=\"wp-block-heading\">TP d\u00e9couverte de la r\u00e9fraction et r\u00e9flexion<\/h2>\n\n\n\n<p><strong>Mod\u00e9lisation en langage PYTHON<\/strong><\/p>\n\n\n\n<p>Pour refaire le TP, vous pouvez utiliser la simulation suivante&nbsp;<\/p>\n\n\n\n<p><a href=\"https:\/\/www.pccl.fr\/physique_chimie_college_lycee\/lycee\/seconde\/refraction_loi_descartes_optique_seconde_lycee.htm\">r\u00e9fraction simulation<\/a><\/p>\n\n\n\n<p><a href=\"http:\/\/seconde.flashphys.fr\/wp-content\/uploads\/2023\/09\/d861f18d25774de9ac6ced101316e6fd.docx\">tp refraction 2021 n.docx<\/a><\/p>\n\n\n\n<p><a href=\"http:\/\/seconde.flashphys.fr\/wp-content\/uploads\/2023\/09\/25bfcd218834f4428ebfe3f99c2dee8b.docx\">correction tp refraction.docx<\/a><\/p>\n\n\n\n<h2 class=\"wp-block-heading\">Exercices&nbsp;<\/h2>\n\n\n\n<p><a href=\"http:\/\/seconde.flashphys.fr\/wp-content\/uploads\/2023\/09\/6898ced0d084476e9f5a9e480cfe754c.pdf\">exo refraction \u00e9l\u00e8ve.pdf<\/a><\/p>\n\n\n\n<p><a href=\"http:\/\/seconde.flashphys.fr\/wp-content\/uploads\/2023\/09\/e8798fc7ef02a13ef812b0d4d0f8841f.docx\">exo refraction \u00e9l\u00e8ve correction.docx<\/a><\/p>\n\n\n\n<h2 class=\"wp-block-heading\">R\u00e9solution de probl\u00e8me<\/h2>\n\n\n\n<p><a href=\"http:\/\/seconde.flashphys.fr\/wp-content\/uploads\/2023\/09\/62e29ee8ddca9472712912e912d6ec84.pdf\">rdp refraction jus de raisin.pdf<\/a><\/p>\n\n\n\n<p><a href=\"http:\/\/seconde.flashphys.fr\/wp-content\/uploads\/2023\/09\/de9a698797b3c10f36ee187c7465f001.pdf\">TP not\u00e9 r\u00e9fraction meurtre.pdf<\/a><\/p>\n\n\n\n<h2 class=\"wp-block-heading\">Histoire des Sciences : la mesure de la vitesse de la lumi\u00e8re<\/h2>\n\n\n\n<p><a href=\"http:\/\/seconde.flashphys.fr\/wp-content\/uploads\/2023\/09\/2b66aaa893a995a8b6293c4ac2ce2ec1.pdf\">Histoire vitesse de la lumi\u00e8re \u00e9l\u00e8ve .pdf<\/a><\/p>\n\n\n\n<p><iframe src=\"\/\/www.youtube.com\/embed\/iv3LMPVPoxk?wmode=transparent\"><\/iframe><\/p>\n\n\n\n<h2 class=\"wp-block-heading\">Pour m\u00e9moriser : carte mentale<\/h2>\n\n\n\n<p><a href=\"http:\/\/seconde.flashphys.fr\/wp-content\/uploads\/2023\/09\/55eeaee4eec6b519c7635753cbfb63b7.pdf\">carte mentale refraction.pdf<\/a><\/p>\n\n\n\n<h2 class=\"wp-block-heading\"><strong>QCM<\/strong><\/h2>\n\n\n\n<p><a href=\"https:\/\/qcmphysique.blogspot.com\/p\/2nde-qcm-n17-r.html\">QCM r\u00e9fraction<\/a><\/p>\n\n\n\n<h2 class=\"wp-block-heading\">Culture personnelle (facultatif)<\/h2>\n\n\n\n<p><iframe src=\"\/\/www.youtube.com\/embed\/q0MDIsEjhR4?wmode=transparent\"><\/iframe><iframe src=\"\/\/www.youtube.com\/embed\/pzWjlAs63Js?wmode=transparent\"><\/iframe><\/p>\n","protected":false},"excerpt":{"rendered":"<p>Feuille de route feuille de route refraction.docx COURS Fiche de m\u00e9morisation TP d\u00e9couverte de la r\u00e9fraction et r\u00e9flexion Mod\u00e9lisation en langage PYTHON Pour refaire le TP, vous pouvez utiliser la simulation suivante&nbsp; r\u00e9fraction simulation tp refraction 2021 n.docx correction tp refraction.docx Exercices&nbsp; exo refraction \u00e9l\u00e8ve.pdf exo refraction \u00e9l\u00e8ve correction.docx R\u00e9solution de probl\u00e8me rdp refraction jus&hellip;<\/p>\n","protected":false},"author":1,"featured_media":0,"parent":0,"menu_order":0,"comment_status":"closed","ping_status":"closed","template":"","meta":{"footnotes":""},"_links":{"self":[{"href":"https:\/\/seconde.flashphys.fr\/index.php?rest_route=\/wp\/v2\/pages\/144"}],"collection":[{"href":"https:\/\/seconde.flashphys.fr\/index.php?rest_route=\/wp\/v2\/pages"}],"about":[{"href":"https:\/\/seconde.flashphys.fr\/index.php?rest_route=\/wp\/v2\/types\/page"}],"author":[{"embeddable":true,"href":"https:\/\/seconde.flashphys.fr\/index.php?rest_route=\/wp\/v2\/users\/1"}],"replies":[{"embeddable":true,"href":"https:\/\/seconde.flashphys.fr\/index.php?rest_route=%2Fwp%2Fv2%2Fcomments&post=144"}],"version-history":[{"count":8,"href":"https:\/\/seconde.flashphys.fr\/index.php?rest_route=\/wp\/v2\/pages\/144\/revisions"}],"predecessor-version":[{"id":443,"href":"https:\/\/seconde.flashphys.fr\/index.php?rest_route=\/wp\/v2\/pages\/144\/revisions\/443"}],"wp:attachment":[{"href":"https:\/\/seconde.flashphys.fr\/index.php?rest_route=%2Fwp%2Fv2%2Fmedia&parent=144"}],"curies":[{"name":"wp","href":"https:\/\/api.w.org\/{rel}","templated":true}]}}