{"id":143,"date":"2023-09-04T10:07:44","date_gmt":"2023-09-04T08:07:44","guid":{"rendered":"https:\/\/seconde.flashphys.fr\/?page_id=143"},"modified":"2025-02-03T09:30:52","modified_gmt":"2025-02-03T08:30:52","slug":"page-63102dcfba7ec-html","status":"publish","type":"page","link":"https:\/\/seconde.flashphys.fr\/?page_id=143","title":{"rendered":"Chap 7 : stabilit\u00e9 des entit\u00e9s chimiques"},"content":{"rendered":"\n<h2 class=\"wp-block-heading has-large-font-size\"><strong>Feuille de route<\/strong><\/h2>\n\n\n\n<p><a href=\"http:\/\/seconde.flashphys.fr\/wp-content\/uploads\/2023\/09\/0cf9a5f9bab0e841899bd853320c4107.docx\">feuille de route stabilit\u00e9 edifices.docx<\/a><\/p>\n\n\n\n<p><iframe src=\"\/\/www.youtube.com\/embed\/YZ03y_NNbcM?wmode=transparent\"><\/iframe><iframe src=\"\/\/www.youtube.com\/embed\/yZ28i3nkBIg?wmode=transparent\"><\/iframe><iframe src=\"\/\/www.youtube.com\/embed\/ejE6BlQlcbw?wmode=transparent\"><\/iframe><\/p>\n\n\n\n<h2 class=\"wp-block-heading has-large-font-size\"><strong>Cours :&nbsp;<\/strong><\/h2>\n\n\n\n<p><a href=\"http:\/\/seconde.flashphys.fr\/wp-content\/uploads\/2023\/09\/072c9faa0faa8280ebe558743787c078.pdf\">chapitre 7 stabilit\u00e9 des entit\u00e9s.pdf<\/a><\/p>\n\n\n\n<h2 class=\"wp-block-heading has-large-font-size\"><strong>Exercices<\/strong><\/h2>\n\n\n\n<p><a href=\"http:\/\/seconde.flashphys.fr\/wp-content\/uploads\/2023\/09\/4823bd20d0a598d65967a046f0503fdd.pdf\">exo stabilit\u00e9 edifices chimiques 2nde n.pdf<\/a><\/p>\n\n\n\n<p><a href=\"http:\/\/seconde.flashphys.fr\/wp-content\/uploads\/2023\/09\/148c13768504686c7a2fd7bbef8bbfc7.docx\">exo stabilit\u00e9 edifices chimiques 2nde correc.docx<\/a><\/p>\n\n\n\n<p class=\"has-large-font-size\"><strong>Fiche de m\u00e9morisation<\/strong><\/p>\n\n\n\n<div class=\"wp-block-file\"><a id=\"wp-block-file--media-9b465d39-9753-4e0f-be58-d2c3b888da17\" href=\"https:\/\/seconde.flashphys.fr\/wp-content\/uploads\/2024\/04\/fiche-memo-chap-7seconde.docx\">fiche-memo-chap-7seconde<\/a><a href=\"https:\/\/seconde.flashphys.fr\/wp-content\/uploads\/2024\/04\/fiche-memo-chap-7seconde.docx\" class=\"wp-block-file__button wp-element-button\" download aria-describedby=\"wp-block-file--media-9b465d39-9753-4e0f-be58-d2c3b888da17\">T\u00e9l\u00e9charger<\/a><\/div>\n\n\n\n<div class=\"wp-block-file\"><a id=\"wp-block-file--media-fdde68ac-333a-4e7d-a001-05c8ceb8686a\" href=\"https:\/\/seconde.flashphys.fr\/wp-content\/uploads\/2024\/04\/fiche-memo-corrige-chap-7seconde.docx\">fiche-memo-corrige-chap-7seconde<\/a><a href=\"https:\/\/seconde.flashphys.fr\/wp-content\/uploads\/2024\/04\/fiche-memo-corrige-chap-7seconde.docx\" class=\"wp-block-file__button wp-element-button\" download aria-describedby=\"wp-block-file--media-fdde68ac-333a-4e7d-a001-05c8ceb8686a\">T\u00e9l\u00e9charger<\/a><\/div>\n\n\n\n<p class=\"has-large-font-size\"><strong>TP : bingo des \u00e9lectrons<\/strong><\/p>\n\n\n\n<div class=\"wp-block-file\"><a id=\"wp-block-file--media-7cc4df4e-10ad-4cd1-ab30-cd1cf458ddc1\" href=\"https:\/\/seconde.flashphys.fr\/wp-content\/uploads\/2025\/02\/Bingo-des-electrons-2025.pdf\">Bingo-des-electrons-2025<\/a><a href=\"https:\/\/seconde.flashphys.fr\/wp-content\/uploads\/2025\/02\/Bingo-des-electrons-2025.pdf\" class=\"wp-block-file__button wp-element-button\" download aria-describedby=\"wp-block-file--media-7cc4df4e-10ad-4cd1-ab30-cd1cf458ddc1\">T\u00e9l\u00e9charger<\/a><\/div>\n\n\n\n<h2 class=\"wp-block-heading has-large-font-size\"><strong>TP : \u00c9nergie de liaison<\/strong><\/h2>\n\n\n\n<p><a href=\"http:\/\/seconde.flashphys.fr\/wp-content\/uploads\/2023\/09\/f03d3630a746d5c1ead3e411ae4a1385.pdf\">TP energie de liaison.pdf<\/a><\/p>\n\n\n\n<div class=\"wp-block-file\"><a id=\"wp-block-file--media-a6d77591-c0e0-4985-88d0-c0b338e4a4b4\" href=\"https:\/\/seconde.flashphys.fr\/wp-content\/uploads\/2025\/02\/cartes-elements-chimiques2025.pdf\">cartes-elements-chimiques2025<\/a><\/div>\n\n\n\n<div class=\"wp-block-file\"><a id=\"wp-block-file--media-af3cd4bf-a210-49cc-b91f-dd925a9dfe65\" href=\"https:\/\/seconde.flashphys.fr\/wp-content\/uploads\/2025\/02\/tableau-a-completer-corrige.docx\">tableau-a-completer-corrige<\/a><\/div>\n\n\n\n<p class=\"has-large-font-size\">TP : Classification p\u00e9riodique et famille chimique<\/p>\n\n\n\n<div class=\"wp-block-file\"><a id=\"wp-block-file--media-d23b13a4-7eb0-4a50-a219-acf468031078\" href=\"https:\/\/seconde.flashphys.fr\/wp-content\/uploads\/2025\/02\/TP-14-Classification-periodique-et-famille-chimique2025.docx\">TP-14-Classification-periodique-et-famille-chimique2025<\/a><\/div>\n\n\n\n<div class=\"wp-block-file\"><a id=\"wp-block-file--media-20525204-9609-4d0d-9a6e-996eb27898bb\" href=\"https:\/\/seconde.flashphys.fr\/wp-content\/uploads\/2025\/02\/TP-14-corrigeClassification-periodique-et-famille-chimique1.docx\">TP-14-corrigeClassification-periodique-et-famille-chimique1<\/a><a href=\"https:\/\/seconde.flashphys.fr\/wp-content\/uploads\/2025\/02\/TP-14-corrigeClassification-periodique-et-famille-chimique1.docx\" class=\"wp-block-file__button wp-element-button\" download aria-describedby=\"wp-block-file--media-20525204-9609-4d0d-9a6e-996eb27898bb\">T\u00e9l\u00e9charger<\/a><\/div>\n\n\n\n<h2 class=\"wp-block-heading has-large-font-size\"><strong>Escape game<\/strong><\/h2>\n\n\n\n<p><a href=\"https:\/\/view.genial.ly\/6075ac403291850dd60c3f64\/interactive-content-physique-chimie-2de-hatier-escape-game-atome\">escape game Morning speed<\/a><\/p>\n\n\n\n<h2 class=\"wp-block-heading has-large-font-size\"><strong>Pour m\u00e9moriser : carte mentale<\/strong><\/h2>\n\n\n\n<p><a href=\"http:\/\/seconde.flashphys.fr\/wp-content\/uploads\/2023\/09\/6b344bb79e7da56264bf917fc326c35a.pdf\">Stabilit\u00e9 carte mentale.pdf<\/a><\/p>\n\n\n\n<h2 class=\"wp-block-heading has-large-font-size\"><strong>QCM<\/strong><\/h2>\n\n\n\n<p><a href=\"https:\/\/qcmphysique.blogspot.com\/p\/2nde-qcm-n6.html\">QCM stabilit\u00e9<\/a><\/p>\n\n\n\n<p><a href=\"https:\/\/qcmphysique.blogspot.com\/p\/2nde-qcm-n7-formation-des-molecules-et.html\">QCM molecules<\/a><\/p>\n","protected":false},"excerpt":{"rendered":"<p>Feuille de route feuille de route stabilit\u00e9 edifices.docx Cours :&nbsp; chapitre 7 stabilit\u00e9 des entit\u00e9s.pdf Exercices exo stabilit\u00e9 edifices chimiques 2nde n.pdf exo stabilit\u00e9 edifices chimiques 2nde correc.docx Fiche de m\u00e9morisation TP : bingo des \u00e9lectrons TP : \u00c9nergie de liaison TP energie de liaison.pdf TP : Classification p\u00e9riodique et famille chimique Escape game escape&hellip;<\/p>\n","protected":false},"author":1,"featured_media":0,"parent":0,"menu_order":0,"comment_status":"closed","ping_status":"closed","template":"","meta":{"footnotes":""},"_links":{"self":[{"href":"https:\/\/seconde.flashphys.fr\/index.php?rest_route=\/wp\/v2\/pages\/143"}],"collection":[{"href":"https:\/\/seconde.flashphys.fr\/index.php?rest_route=\/wp\/v2\/pages"}],"about":[{"href":"https:\/\/seconde.flashphys.fr\/index.php?rest_route=\/wp\/v2\/types\/page"}],"author":[{"embeddable":true,"href":"https:\/\/seconde.flashphys.fr\/index.php?rest_route=\/wp\/v2\/users\/1"}],"replies":[{"embeddable":true,"href":"https:\/\/seconde.flashphys.fr\/index.php?rest_route=%2Fwp%2Fv2%2Fcomments&post=143"}],"version-history":[{"count":6,"href":"https:\/\/seconde.flashphys.fr\/index.php?rest_route=\/wp\/v2\/pages\/143\/revisions"}],"predecessor-version":[{"id":437,"href":"https:\/\/seconde.flashphys.fr\/index.php?rest_route=\/wp\/v2\/pages\/143\/revisions\/437"}],"wp:attachment":[{"href":"https:\/\/seconde.flashphys.fr\/index.php?rest_route=%2Fwp%2Fv2%2Fmedia&parent=143"}],"curies":[{"name":"wp","href":"https:\/\/api.w.org\/{rel}","templated":true}]}}