{"id":141,"date":"2023-09-04T10:07:41","date_gmt":"2023-09-04T08:07:41","guid":{"rendered":"https:\/\/seconde.flashphys.fr\/?page_id=141"},"modified":"2025-11-13T12:59:16","modified_gmt":"2025-11-13T11:59:16","slug":"page-63102dc2ceeca-html","status":"publish","type":"page","link":"https:\/\/seconde.flashphys.fr\/?page_id=141","title":{"rendered":"Chap 2 : Composition des solutions aqueuses"},"content":{"rendered":"\n<h3 class=\"wp-block-heading has-large-font-size\"><strong>Feuille de route<\/strong><\/h3>\n\n\n\n<p><a href=\"http:\/\/seconde.flashphys.fr\/wp-content\/uploads\/2023\/09\/e2f0526a55ae61381c7e1bacad3cb352.docx\">feuille route solutions.docx<\/a><\/p>\n\n\n\n<p><iframe src=\"\/\/www.youtube.com\/embed\/43Bw7RHMW0U?wmode=transparent\"><\/iframe><iframe src=\"\/\/www.youtube.com\/embed\/0uJ9G86DaDE?wmode=transparent\"><\/iframe><iframe src=\"\/\/www.youtube.com\/embed\/9qjnOI4Gy4Y?wmode=transparent\"><\/iframe><\/p>\n\n\n\n<h1 class=\"wp-block-heading has-large-font-size\"><strong>COURS<\/strong><\/h1>\n\n\n\n<p><a href=\"http:\/\/seconde.flashphys.fr\/wp-content\/uploads\/2023\/09\/ebcfa6232debf65e87b50a0a6a5f2dfa.docx\">2 CQFRAM solutions.docx<\/a><\/p>\n\n\n\n<p><a href=\"http:\/\/seconde.flashphys.fr\/wp-content\/uploads\/2023\/09\/b546bd396b602148efe434180def2c29.pdf\">2 CQFRAM solutions corrig\u00e9.pdf<\/a><\/p>\n\n\n\n<p class=\"has-large-font-size\"><strong>Fiche de m\u00e9morisation<\/strong><\/p>\n\n\n\n<div class=\"wp-block-file\"><a id=\"wp-block-file--media-9f4896ac-f71a-4828-a9ff-ed42b7f6c40b\" href=\"https:\/\/seconde.flashphys.fr\/wp-content\/uploads\/2023\/10\/fiche-memo-chap2-seconde.docx\">fiche-memo-chap2-seconde<\/a><a href=\"https:\/\/seconde.flashphys.fr\/wp-content\/uploads\/2023\/10\/fiche-memo-chap2-seconde.docx\" class=\"wp-block-file__button wp-element-button\" download aria-describedby=\"wp-block-file--media-9f4896ac-f71a-4828-a9ff-ed42b7f6c40b\">T\u00e9l\u00e9charger<\/a><\/div>\n\n\n\n<p>Correction de la fiche de m\u00e9morisation<\/p>\n\n\n\n<div class=\"wp-block-file\"><a id=\"wp-block-file--media-74a538b5-3418-48f5-bfe4-3123fdee6ef5\" href=\"https:\/\/seconde.flashphys.fr\/wp-content\/uploads\/2023\/10\/correctionfiche-memo-chap2-seconde.pdf\">correctionfiche-memo-chap2-seconde<\/a><a href=\"https:\/\/seconde.flashphys.fr\/wp-content\/uploads\/2023\/10\/correctionfiche-memo-chap2-seconde.pdf\" class=\"wp-block-file__button wp-element-button\" download aria-describedby=\"wp-block-file--media-74a538b5-3418-48f5-bfe4-3123fdee6ef5\">T\u00e9l\u00e9charger<\/a><\/div>\n\n\n\n<h2 class=\"wp-block-heading has-large-font-size\"><strong>TP : travaux pratiques<\/strong><\/h2>\n\n\n\n<p><a href=\"http:\/\/seconde.flashphys.fr\/wp-content\/uploads\/2023\/09\/e02cff3231e17599ddab8584753a6a8c.docx\">TP 1 dissolution dilution.docx<\/a><\/p>\n\n\n\n<p><a href=\"http:\/\/seconde.flashphys.fr\/wp-content\/uploads\/2023\/09\/70c4f4eda461f7dde04e26fac69a82c3.pdf\">TP 1 dissolution dilution correction.pdf<\/a><\/p>\n\n\n\n<p><a href=\"http:\/\/seconde.flashphys.fr\/wp-content\/uploads\/2023\/09\/3bb9017d22ee948dbdec9bc756c44cf2.docx\">tp echelle de teinte.docx<\/a><\/p>\n\n\n\n<p><a href=\"http:\/\/seconde.flashphys.fr\/wp-content\/uploads\/2023\/09\/adf9677b8f8cd9d7ea10bde0990e6bb7.pdf\">correction tp echelle de teinte.pdf<\/a><\/p>\n\n\n\n<p><a href=\"http:\/\/seconde.flashphys.fr\/wp-content\/uploads\/2023\/09\/c6352b4ef744a8ab98fb33713104813b.docx\">5 tp coca masse vol conc.docx<\/a><\/p>\n\n\n\n<p><a href=\"http:\/\/seconde.flashphys.fr\/wp-content\/uploads\/2023\/09\/7040989fc3022e039a3c690ec75a34c6.pdf\">5 tp coca masse vol conc correction.pdf<\/a><\/p>\n\n\n\n<h2 class=\"wp-block-heading has-large-font-size\"><strong>Exercices&nbsp;<\/strong><\/h2>\n\n\n\n<p><a href=\"http:\/\/seconde.flashphys.fr\/wp-content\/uploads\/2023\/09\/871e1c2c015b60544b66359c150e7605.docx\">Exercices solutions aqueuses.docx<\/a><\/p>\n\n\n\n<p><a href=\"http:\/\/seconde.flashphys.fr\/wp-content\/uploads\/2023\/09\/c3aee68c3fb498353bb13e5ddec2c937.pdf\">corrig\u00e9 exo solutions.pdf<\/a><\/p>\n\n\n\n<h2 class=\"wp-block-heading has-large-font-size\"><strong>Pour r\u00e9viser : carte mentale<\/strong><\/h2>\n\n\n\n<p><a href=\"http:\/\/seconde.flashphys.fr\/wp-content\/uploads\/2023\/09\/8c8b12872b07b32ad1eed655e48ca172.pdf\">carte mentale chap 2.pdf<\/a><\/p>\n\n\n\n<p><\/p>\n","protected":false},"excerpt":{"rendered":"<p>Feuille de route feuille route solutions.docx COURS 2 CQFRAM solutions.docx 2 CQFRAM solutions corrig\u00e9.pdf Fiche de m\u00e9morisation Correction de la fiche de m\u00e9morisation TP : travaux pratiques TP 1 dissolution dilution.docx TP 1 dissolution dilution correction.pdf tp echelle de teinte.docx correction tp echelle de teinte.pdf 5 tp coca masse vol conc.docx 5 tp coca masse&hellip;<\/p>\n","protected":false},"author":1,"featured_media":0,"parent":0,"menu_order":0,"comment_status":"closed","ping_status":"closed","template":"","meta":{"footnotes":""},"_links":{"self":[{"href":"https:\/\/seconde.flashphys.fr\/index.php?rest_route=\/wp\/v2\/pages\/141"}],"collection":[{"href":"https:\/\/seconde.flashphys.fr\/index.php?rest_route=\/wp\/v2\/pages"}],"about":[{"href":"https:\/\/seconde.flashphys.fr\/index.php?rest_route=\/wp\/v2\/types\/page"}],"author":[{"embeddable":true,"href":"https:\/\/seconde.flashphys.fr\/index.php?rest_route=\/wp\/v2\/users\/1"}],"replies":[{"embeddable":true,"href":"https:\/\/seconde.flashphys.fr\/index.php?rest_route=%2Fwp%2Fv2%2Fcomments&post=141"}],"version-history":[{"count":7,"href":"https:\/\/seconde.flashphys.fr\/index.php?rest_route=\/wp\/v2\/pages\/141\/revisions"}],"predecessor-version":[{"id":460,"href":"https:\/\/seconde.flashphys.fr\/index.php?rest_route=\/wp\/v2\/pages\/141\/revisions\/460"}],"wp:attachment":[{"href":"https:\/\/seconde.flashphys.fr\/index.php?rest_route=%2Fwp%2Fv2%2Fmedia&parent=141"}],"curies":[{"name":"wp","href":"https:\/\/api.w.org\/{rel}","templated":true}]}}