{"id":139,"date":"2023-09-04T10:07:41","date_gmt":"2023-09-04T08:07:41","guid":{"rendered":"https:\/\/seconde.flashphys.fr\/?page_id=139"},"modified":"2023-09-04T17:31:01","modified_gmt":"2023-09-04T15:31:01","slug":"page-61305193e0f1e-html","status":"publish","type":"page","link":"https:\/\/seconde.flashphys.fr\/?page_id=139","title":{"rendered":"Orientation"},"content":{"rendered":"\n<p>Depuis 2018-2019, les \u00e9l\u00e8ves de seconde g\u00e9n\u00e9rale et technologique disposent de deux sites d\u00e9di\u00e9s, con\u00e7us par l\u2019ONISEP, pour construire leur d\u00e9marche de choix d\u2019orientation :<\/p>\n\n\n\n<p><a href=\"http:\/\/www.secondes-premieres2019-2020.fr\/\">www.secondes-premieres2019-2020.fr<\/a>, qui propose cinq \u00e9tapes pour construire son orientation au lyc\u00e9e g\u00e9n\u00e9ral et technologique<\/p>\n\n\n\n<p><a href=\"http:\/\/www.horizons2021.fr\/\">www.horizons2021.fr<\/a>, sp\u00e9cifiquement d\u00e9di\u00e9 au choix des enseignements de sp\u00e9cialit\u00e9 en fin de seconde<\/p>\n\n\n\n<p>Ces sites seront actualis\u00e9s courant de l&#8217;ann\u00e9e.<\/p>\n\n\n\n<h2 class=\"wp-block-heading\">\u00c9laborer son projet d&#8217;orientation<\/h2>\n\n\n\n<p><a href=\"https:\/\/view.genial.ly\/5d0b3bdec9bf960f5650a2d7\">\u00e9laborer son projet<\/a><\/p>\n\n\n\n<p><a href=\"http:\/\/seconde.flashphys.fr\/wp-content\/uploads\/2023\/09\/6a8e80d37623a0eef4749426307ca626.docx\">questionnaire.docx<\/a><\/p>\n","protected":false},"excerpt":{"rendered":"<p>Depuis 2018-2019, les \u00e9l\u00e8ves de seconde g\u00e9n\u00e9rale et technologique disposent de deux sites d\u00e9di\u00e9s, con\u00e7us par l\u2019ONISEP, pour construire leur d\u00e9marche de choix d\u2019orientation : www.secondes-premieres2019-2020.fr, qui propose cinq \u00e9tapes pour construire son orientation au lyc\u00e9e g\u00e9n\u00e9ral et technologique www.horizons2021.fr, sp\u00e9cifiquement d\u00e9di\u00e9 au choix des enseignements de sp\u00e9cialit\u00e9 en fin de seconde Ces sites seront&hellip;<\/p>\n","protected":false},"author":1,"featured_media":0,"parent":0,"menu_order":0,"comment_status":"closed","ping_status":"closed","template":"","meta":{"footnotes":""},"_links":{"self":[{"href":"https:\/\/seconde.flashphys.fr\/index.php?rest_route=\/wp\/v2\/pages\/139"}],"collection":[{"href":"https:\/\/seconde.flashphys.fr\/index.php?rest_route=\/wp\/v2\/pages"}],"about":[{"href":"https:\/\/seconde.flashphys.fr\/index.php?rest_route=\/wp\/v2\/types\/page"}],"author":[{"embeddable":true,"href":"https:\/\/seconde.flashphys.fr\/index.php?rest_route=\/wp\/v2\/users\/1"}],"replies":[{"embeddable":true,"href":"https:\/\/seconde.flashphys.fr\/index.php?rest_route=%2Fwp%2Fv2%2Fcomments&post=139"}],"version-history":[{"count":1,"href":"https:\/\/seconde.flashphys.fr\/index.php?rest_route=\/wp\/v2\/pages\/139\/revisions"}],"predecessor-version":[{"id":231,"href":"https:\/\/seconde.flashphys.fr\/index.php?rest_route=\/wp\/v2\/pages\/139\/revisions\/231"}],"wp:attachment":[{"href":"https:\/\/seconde.flashphys.fr\/index.php?rest_route=%2Fwp%2Fv2%2Fmedia&parent=139"}],"curies":[{"name":"wp","href":"https:\/\/api.w.org\/{rel}","templated":true}]}}