{"id":138,"date":"2023-09-04T10:07:41","date_gmt":"2023-09-04T08:07:41","guid":{"rendered":"https:\/\/seconde.flashphys.fr\/?page_id=138"},"modified":"2023-09-04T17:25:37","modified_gmt":"2023-09-04T15:25:37","slug":"page-61d16aed91dc6-html","status":"publish","type":"page","link":"https:\/\/seconde.flashphys.fr\/?page_id=138","title":{"rendered":"Comment apprendre ?"},"content":{"rendered":"\n<h1 class=\"wp-block-heading\">Comment m\u00e9moriser son cours et travailler efficacement&#8230;<\/h1>\n\n\n\n<p>Pour travailler efficacement et m\u00e9moriser les notions \u00e9tudi\u00e9es, il peut \u00eatre int\u00e9ressant de se pencher sur des m\u00e9thodes qui peuvent optimiser l&#8217;utilisation de notre cerveau. En voici certaines avec des explications qui permettent de comprendre comment tout cela fonctionne.<\/p>\n\n\n\n<p><a href=\"https:\/\/view.genial.ly\/5fbb943d84a2a16198730a62\/guide-memoriser\">M\u00e9moriser<\/a><\/p>\n","protected":false},"excerpt":{"rendered":"<p>Comment m\u00e9moriser son cours et travailler efficacement&#8230; Pour travailler efficacement et m\u00e9moriser les notions \u00e9tudi\u00e9es, il peut \u00eatre int\u00e9ressant de se pencher sur des m\u00e9thodes qui peuvent optimiser l&#8217;utilisation de notre cerveau. En voici certaines avec des explications qui permettent de comprendre comment tout cela fonctionne. M\u00e9moriser<\/p>\n","protected":false},"author":1,"featured_media":0,"parent":0,"menu_order":0,"comment_status":"closed","ping_status":"closed","template":"","meta":{"footnotes":""},"_links":{"self":[{"href":"https:\/\/seconde.flashphys.fr\/index.php?rest_route=\/wp\/v2\/pages\/138"}],"collection":[{"href":"https:\/\/seconde.flashphys.fr\/index.php?rest_route=\/wp\/v2\/pages"}],"about":[{"href":"https:\/\/seconde.flashphys.fr\/index.php?rest_route=\/wp\/v2\/types\/page"}],"author":[{"embeddable":true,"href":"https:\/\/seconde.flashphys.fr\/index.php?rest_route=\/wp\/v2\/users\/1"}],"replies":[{"embeddable":true,"href":"https:\/\/seconde.flashphys.fr\/index.php?rest_route=%2Fwp%2Fv2%2Fcomments&post=138"}],"version-history":[{"count":1,"href":"https:\/\/seconde.flashphys.fr\/index.php?rest_route=\/wp\/v2\/pages\/138\/revisions"}],"predecessor-version":[{"id":224,"href":"https:\/\/seconde.flashphys.fr\/index.php?rest_route=\/wp\/v2\/pages\/138\/revisions\/224"}],"wp:attachment":[{"href":"https:\/\/seconde.flashphys.fr\/index.php?rest_route=%2Fwp%2Fv2%2Fmedia&parent=138"}],"curies":[{"name":"wp","href":"https:\/\/api.w.org\/{rel}","templated":true}]}}