{"id":135,"date":"2023-09-04T10:07:38","date_gmt":"2023-09-04T08:07:38","guid":{"rendered":"https:\/\/seconde.flashphys.fr\/?page_id=135"},"modified":"2024-04-07T18:20:33","modified_gmt":"2024-04-07T16:20:33","slug":"page-612ca645a7ecc-html","status":"publish","type":"page","link":"https:\/\/seconde.flashphys.fr\/?page_id=135","title":{"rendered":"Chap 0 : outils en physique"},"content":{"rendered":"\n<h1 class=\"wp-block-heading has-large-font-size\"><strong>Cours<\/strong><\/h1>\n\n\n\n<p><a href=\"http:\/\/seconde.flashphys.fr\/wp-content\/uploads\/2023\/09\/261faf69f4007407314fbcd0a2e9fb27.docx\" target=\"_blank\" rel=\"noreferrer noopener\">chap 0 outils \u00e9l\u00e8ves.docx<\/a><\/p>\n\n\n\n<p><a href=\"http:\/\/seconde.flashphys.fr\/wp-content\/uploads\/2023\/09\/c93f3ab52d17ba3b6d6f5e258f08e47f.docx\" target=\"_blank\" rel=\"noreferrer noopener\">chap 0 outils \u00e9l\u00e8ves corr.docx<\/a><\/p>\n\n\n\n<h2 class=\"wp-block-heading has-large-font-size\"><strong>Jeu en ligne sur les conversions<\/strong><\/h2>\n\n\n\n<p><a href=\"https:\/\/learningapps.org\/view12832260\">jeu conversions<\/a><\/p>\n\n\n\n<h2 class=\"wp-block-heading has-large-font-size\"><strong>QCM<\/strong><\/h2>\n\n\n\n<p><a href=\"https:\/\/qcmphysique.blogspot.com\/p\/2nde-qcm-n2-conversion-et-ecriture.html\">QCM conversions<\/a><\/p>\n","protected":false},"excerpt":{"rendered":"<p>Cours chap 0 outils \u00e9l\u00e8ves.docx chap 0 outils \u00e9l\u00e8ves corr.docx Jeu en ligne sur les conversions jeu conversions QCM QCM conversions<\/p>\n","protected":false},"author":1,"featured_media":0,"parent":0,"menu_order":0,"comment_status":"closed","ping_status":"closed","template":"","meta":{"footnotes":""},"_links":{"self":[{"href":"https:\/\/seconde.flashphys.fr\/index.php?rest_route=\/wp\/v2\/pages\/135"}],"collection":[{"href":"https:\/\/seconde.flashphys.fr\/index.php?rest_route=\/wp\/v2\/pages"}],"about":[{"href":"https:\/\/seconde.flashphys.fr\/index.php?rest_route=\/wp\/v2\/types\/page"}],"author":[{"embeddable":true,"href":"https:\/\/seconde.flashphys.fr\/index.php?rest_route=\/wp\/v2\/users\/1"}],"replies":[{"embeddable":true,"href":"https:\/\/seconde.flashphys.fr\/index.php?rest_route=%2Fwp%2Fv2%2Fcomments&post=135"}],"version-history":[{"count":2,"href":"https:\/\/seconde.flashphys.fr\/index.php?rest_route=\/wp\/v2\/pages\/135\/revisions"}],"predecessor-version":[{"id":377,"href":"https:\/\/seconde.flashphys.fr\/index.php?rest_route=\/wp\/v2\/pages\/135\/revisions\/377"}],"wp:attachment":[{"href":"https:\/\/seconde.flashphys.fr\/index.php?rest_route=%2Fwp%2Fv2%2Fmedia&parent=135"}],"curies":[{"name":"wp","href":"https:\/\/api.w.org\/{rel}","templated":true}]}}