{"id":134,"date":"2023-09-04T10:07:38","date_gmt":"2023-09-04T08:07:38","guid":{"rendered":"https:\/\/seconde.flashphys.fr\/?page_id=134"},"modified":"2025-09-01T15:41:38","modified_gmt":"2025-09-01T13:41:38","slug":"no-title-found","status":"publish","type":"page","link":"https:\/\/seconde.flashphys.fr\/","title":{"rendered":"Accueil"},"content":{"rendered":"<h2>Bienvenue sur le site des classes de SECONDE de physique chimie des \u00e9l\u00e8ves de M. Szollosi<\/h2>\n<p>Pour utiliser correctement le site vous devez proc\u00e9der \u00e0 chaque chapitre de la fa\u00e7on suivante :<\/p>\n<p>1) Visualiser les diff\u00e9rentes vid\u00e9os de cours<\/p>\n<p>2) T\u00e9l\u00e9charger et compl\u00e9ter les divers documents \u00e9crits<\/p>\n<h2><strong>Et surtout ne vous d\u00e9couragez pas, le professeur est l\u00e0 pour vous aider \u00e0 tout moment !<\/strong><\/h2>\n<h3><strong>Bon courage et bonne ann\u00e9e scolaire !!<\/strong><\/h3>\n<h2>Compilation des exercices + tableau p\u00e9riodique<\/h2>\n<p><\/p>\n\n\n<div class=\"wp-block-file\"><a id=\"wp-block-file--media-fb500fb5-7b83-46bc-8518-486ef0d7c885\" href=\"https:\/\/seconde.flashphys.fr\/wp-content\/uploads\/2025\/09\/compil-exo-seconde.pdf\">compil-exo-seconde<\/a><a href=\"https:\/\/seconde.flashphys.fr\/wp-content\/uploads\/2025\/09\/compil-exo-seconde.pdf\" class=\"wp-block-file__button wp-element-button\" download aria-describedby=\"wp-block-file--media-fb500fb5-7b83-46bc-8518-486ef0d7c885\">T\u00e9l\u00e9charger<\/a><\/div>\n\n\n\n<div class=\"wp-block-file\"><a id=\"wp-block-file--media-f0993fac-4d0a-4d88-bfa6-92f8a670cd4c\" href=\"https:\/\/seconde.flashphys.fr\/wp-content\/uploads\/2025\/09\/tableau-periodique.pdf\">tableau-periodique<\/a><a href=\"https:\/\/seconde.flashphys.fr\/wp-content\/uploads\/2025\/09\/tableau-periodique.pdf\" class=\"wp-block-file__button wp-element-button\" download aria-describedby=\"wp-block-file--media-f0993fac-4d0a-4d88-bfa6-92f8a670cd4c\">T\u00e9l\u00e9charger<\/a><\/div>\n","protected":false},"excerpt":{"rendered":"<p>Bienvenue sur le site des classes de SECONDE de physique chimie des \u00e9l\u00e8ves de M. Szollosi Pour utiliser correctement le site vous devez proc\u00e9der \u00e0 chaque chapitre de la fa\u00e7on suivante : 1) Visualiser les diff\u00e9rentes vid\u00e9os de cours 2) T\u00e9l\u00e9charger et compl\u00e9ter les divers documents \u00e9crits Et surtout ne vous d\u00e9couragez pas, le professeur&hellip;<\/p>\n","protected":false},"author":1,"featured_media":0,"parent":0,"menu_order":0,"comment_status":"closed","ping_status":"closed","template":"","meta":{"footnotes":""},"_links":{"self":[{"href":"https:\/\/seconde.flashphys.fr\/index.php?rest_route=\/wp\/v2\/pages\/134"}],"collection":[{"href":"https:\/\/seconde.flashphys.fr\/index.php?rest_route=\/wp\/v2\/pages"}],"about":[{"href":"https:\/\/seconde.flashphys.fr\/index.php?rest_route=\/wp\/v2\/types\/page"}],"author":[{"embeddable":true,"href":"https:\/\/seconde.flashphys.fr\/index.php?rest_route=\/wp\/v2\/users\/1"}],"replies":[{"embeddable":true,"href":"https:\/\/seconde.flashphys.fr\/index.php?rest_route=%2Fwp%2Fv2%2Fcomments&post=134"}],"version-history":[{"count":3,"href":"https:\/\/seconde.flashphys.fr\/index.php?rest_route=\/wp\/v2\/pages\/134\/revisions"}],"predecessor-version":[{"id":453,"href":"https:\/\/seconde.flashphys.fr\/index.php?rest_route=\/wp\/v2\/pages\/134\/revisions\/453"}],"wp:attachment":[{"href":"https:\/\/seconde.flashphys.fr\/index.php?rest_route=%2Fwp%2Fv2%2Fmedia&parent=134"}],"curies":[{"name":"wp","href":"https:\/\/api.w.org\/{rel}","templated":true}]}}