{"id":133,"date":"2023-09-04T10:07:38","date_gmt":"2023-09-04T08:07:38","guid":{"rendered":"https:\/\/seconde.flashphys.fr\/?page_id=133"},"modified":"2023-09-04T17:30:30","modified_gmt":"2023-09-04T15:30:30","slug":"page-5d614371e7e4a-html","status":"publish","type":"page","link":"https:\/\/seconde.flashphys.fr\/?page_id=133","title":{"rendered":"Logiciels"},"content":{"rendered":"\n<h2 class=\"wp-block-heading\">Voici une liste de logiciels utiles pour le programme de seconde<\/h2>\n\n\n\n<h2 class=\"wp-block-heading\"><strong>Edupython (programmation)<\/strong><\/h2>\n\n\n\n<p><a href=\"https:\/\/edupython.tuxfamily.org\/\">https:\/\/edupython.tuxfamily.org\/<\/a><\/p>\n\n\n\n<h2 class=\"wp-block-heading\"><strong>R\u00e9gressi (tableur)<\/strong><\/h2>\n\n\n\n<p><strong><a href=\"http:\/\/regressi.fr\/WordPress\/download\/\">http:\/\/regressi.fr\/WordPress\/download\/<\/a><\/strong><\/p>\n\n\n\n<p><a href=\"http:\/\/seconde.flashphys.fr\/wp-content\/uploads\/2023\/09\/e302092058511139b34926890b75aa0d.zip\">regressi.zip<\/a><\/p>\n\n\n\n<h2 class=\"wp-block-heading\"><strong>Avim\u00e9ca (pointage de vid\u00e9os : chronophotographie)<\/strong><\/h2>\n\n\n\n<p><a href=\"http:\/\/seconde.flashphys.fr\/wp-content\/uploads\/2023\/09\/869d772bb249bdc486ee33530a7cf849.zip\">avimeca3.zip<\/a><\/p>\n\n\n\n<h2 class=\"wp-block-heading\">Les Codecs \u00e0 installer pour utiliser avim\u00e9ca (indispensable)<\/h2>\n\n\n\n<p><a href=\"http:\/\/seconde.flashphys.fr\/wp-content\/uploads\/2023\/09\/sld.codec_.pack_.2.2.zip\">codec avimeca.rar<\/a><\/p>\n\n\n\n<h2 class=\"wp-block-heading\">WINRAR : logiciel pour d\u00e9compresser un fichier<\/h2>\n\n\n\n<p>Si vous avez besoin de d\u00e9compresser des fichiers, vous pouvez utiliser WINZIP et extraire les fichiers avant de lancer leur installation<\/p>\n\n\n\n<p>T\u00e9l\u00e9charger sur :&nbsp;<\/p>\n\n\n\n<p><a href=\"https:\/\/www.winzip.com\/win\/fr\/downwz.html\">https:\/\/www.winzip.com\/win\/fr\/downwz.html<\/a><\/p>\n","protected":false},"excerpt":{"rendered":"<p>Voici une liste de logiciels utiles pour le programme de seconde Edupython (programmation) https:\/\/edupython.tuxfamily.org\/ R\u00e9gressi (tableur) http:\/\/regressi.fr\/WordPress\/download\/ regressi.zip Avim\u00e9ca (pointage de vid\u00e9os : chronophotographie) avimeca3.zip Les Codecs \u00e0 installer pour utiliser avim\u00e9ca (indispensable) codec avimeca.rar WINRAR : logiciel pour d\u00e9compresser un fichier Si vous avez besoin de d\u00e9compresser des fichiers, vous pouvez utiliser WINZIP et&hellip;<\/p>\n","protected":false},"author":1,"featured_media":0,"parent":0,"menu_order":0,"comment_status":"closed","ping_status":"closed","template":"","meta":{"footnotes":""},"_links":{"self":[{"href":"https:\/\/seconde.flashphys.fr\/index.php?rest_route=\/wp\/v2\/pages\/133"}],"collection":[{"href":"https:\/\/seconde.flashphys.fr\/index.php?rest_route=\/wp\/v2\/pages"}],"about":[{"href":"https:\/\/seconde.flashphys.fr\/index.php?rest_route=\/wp\/v2\/types\/page"}],"author":[{"embeddable":true,"href":"https:\/\/seconde.flashphys.fr\/index.php?rest_route=\/wp\/v2\/users\/1"}],"replies":[{"embeddable":true,"href":"https:\/\/seconde.flashphys.fr\/index.php?rest_route=%2Fwp%2Fv2%2Fcomments&post=133"}],"version-history":[{"count":4,"href":"https:\/\/seconde.flashphys.fr\/index.php?rest_route=\/wp\/v2\/pages\/133\/revisions"}],"predecessor-version":[{"id":285,"href":"https:\/\/seconde.flashphys.fr\/index.php?rest_route=\/wp\/v2\/pages\/133\/revisions\/285"}],"wp:attachment":[{"href":"https:\/\/seconde.flashphys.fr\/index.php?rest_route=%2Fwp%2Fv2%2Fmedia&parent=133"}],"curies":[{"name":"wp","href":"https:\/\/api.w.org\/{rel}","templated":true}]}}